{"id":5850,"date":"2022-03-20T12:21:43","date_gmt":"2022-03-20T10:21:43","guid":{"rendered":"https:\/\/www.supermonitoring.pl\/blogpl\/?page_id=5850"},"modified":"2022-05-10T15:27:54","modified_gmt":"2022-05-10T13:27:54","slug":"straty-w-wyniku-awarii-strony-internetowej","status":"publish","type":"page","link":"https:\/\/www.supermonitoring.pl\/blogpl\/straty-w-wyniku-awarii-strony-internetowej\/","title":{"rendered":"Straty w wyniku awarii strony internetowej &#8211; kalkulator"},"content":{"rendered":"<p>Oblicz, jakie straty poniesie Tw\u00f3j biznes przy danym poziomie niedost\u0119pno\u015bci strony internetowej w ci\u0105gu miesi\u0105ca (downtime).<\/p>\n<table class=\"table\">\n<tbody>\n<tr>\n<th scope=\"col\" colspan=\"4\">\n<h2>Parametry serwisu<\/h2>\n<\/th>\n<\/tr>\n<tr>\n<th scope=\"row\" colspan=\"2\">Wska\u017anik konwersji<\/th>\n<td>\n<div class=\"input-group mb-3\">\n                    <input type=\"\" id=\"conversion_rate\" step=\"0,01\" value=\"0,05\" class=\"form-control\" name=\"\"><br \/>\n                    <span class=\"input-group-text\">%<\/span>\n                <\/div>\n<\/td>\n<td><\/td>\n<\/tr>\n<tr>\n<th scope=\"row\" colspan=\"2\">\u015arednia warto\u015b\u0107 koszyka<\/th>\n<td>\n<div class=\"input-group mb-3\">\n                    <input type=\"\" id=\"avg_basket_value\" step=\"0,01\" value=\"200,00\" class=\"form-control\" name=\"\"><br \/>\n                    <span class=\"input-group-text\">z\u0142<\/span>\n                <\/div>\n<\/td>\n<td><\/td>\n<\/tr>\n<tr style=\"font-weight:bold;\">\n<td><\/td>\n<td><\/td>\n<td class=\"td-month\">miesi\u0105c<\/td>\n<td>rok<\/td>\n<\/tr>\n<tr>\n<th scope=\"row\" colspan=\"2\">Ruch w serwisie (wizyty)<\/th>\n<td class=\"td-month\">\n<div class=\"input-group mb-3\">\n                    <input type=\"\" id=\"traffic_month\" step=\"0,01\" value=\"30000\" class=\"form-control\" name=\"\">\n                <\/div>\n<\/td>\n<td>\n<div class=\"input-group mb-3\">\n                    <input type=\"\" id=\"traffic_year\" step=\"0,01\" value=\"360000\" class=\"form-control\" name=\"\">\n                <\/div>\n<\/td>\n<\/tr>\n<tr>\n<th scope=\"col\" colspan=\"4\"><\/p>\n<h2>Wyniki<\/h2>\n<\/th>\n<\/tr>\n<tr>\n<th scope=\"row\" colspan=\"2\">Liczba konwersji<\/th>\n<td id=\"conversion_amount_month\" class=\"td-month\">15<\/td>\n<td id=\"conversion_amount_all\">180<\/td>\n<\/tr>\n<tr>\n<th scope=\"row\"colspan=\"2\">Przych\u00f3d<\/th>\n<td id=\"income_month\" class=\"td-month\">3 000,00 z\u0142<\/td>\n<td id=\"income_all\">36 000,00z\u0142<\/td>\n<\/tr>\n<tr>\n<th scope=\"col\" colspan=\"4\"><\/p>\n<h2>Straty<\/h2>\n<\/th>\n<\/tr>\n<tr style=\"font-weight:bold;\">\n<td>uptime<\/td>\n<td>downtime<\/td>\n<td class=\"td-month\">miesi\u0105c<\/td>\n<td>rok<\/td>\n<\/tr>\n<tr class=\"loses\">\n<td data-percent=\"1\" class=\"percent\">100,00%<\/td>\n<td>&#8211;<\/td>\n<td class=\"month\" style=\"color: green;\"><\/td>\n<td class=\"all\" style=\"color: green;\"><\/td>\n<\/tr>\n<tr class=\"loses\">\n<td data-percent=\"0.9999\" class=\"percent\">99,99%<\/td>\n<td>4,383 minut<\/td>\n<td class=\"month\"><\/td>\n<td class=\"all\"><\/td>\n<\/tr>\n<tr class=\"loses\">\n<td data-percent=\"0.9990\" class=\"percent\">99,90%<\/td>\n<td>43,83 minut<\/td>\n<td class=\"month\"><\/td>\n<td class=\"all\"><\/td>\n<\/tr>\n<tr class=\"loses\">\n<td data-percent=\"0.9980\" class=\"percent\">99,80%<\/td>\n<td>1 godzina i 27,66 minut<\/td>\n<td class=\"month\"><\/td>\n<td class=\"all\"><\/td>\n<\/tr>\n<tr class=\"loses\">\n<td data-percent=\"0.9970\" class=\"percent\">99,70%<\/td>\n<td>2 godziny i 11,49 minut<\/td>\n<td class=\"month\"><\/td>\n<td class=\"all\"><\/td>\n<\/tr>\n<tr class=\"loses\">\n<td data-percent=\"0.9950\" class=\"percent\">99,50%<\/td>\n<td>3 godziny i 39,15 minut<\/td>\n<td class=\"month\"><\/td>\n<td class=\"all\"><\/td>\n<\/tr>\n<tr class=\"loses\">\n<td data-percent=\"0.9900\" class=\"percent\">99,00%<\/td>\n<td>7 godzin i 18.3 minut<\/td>\n<td class=\"month\"><\/td>\n<td class=\"all\"><\/td>\n<\/tr>\n<tr class=\"loses\">\n<td data-percent=\"0.9800\" class=\"percent\">98,00%<\/td>\n<td>14 godzin i 36,6 minut<\/td>\n<td class=\"month\"><\/td>\n<td class=\"all\"><\/td>\n<\/tr>\n<tr class=\"loses\">\n<td data-percent=\"0.9700\" class=\"percent\">97,00%<\/td>\n<td>21 godzin i 54,9 minut<\/td>\n<td class=\"month\"><\/td>\n<td class=\"all\"><\/td>\n<\/tr>\n<tr class=\"loses\">\n<td data-percent=\"0.9500\" class=\"percent\">95,00%<\/td>\n<td>1 dzie\u0144, 12 godzin i 31,5 minut<\/td>\n<td class=\"month\"><\/td>\n<td class=\"all\"><\/td>\n<\/tr>\n<tr class=\"loses\">\n<td data-percent=\"0.9000\" class=\"percent\">90,00%<\/td>\n<td>3 dni, 1 godzina i 3 minuty<\/td>\n<td class=\"month\"><\/td>\n<td class=\"all\"><\/td>\n<\/tr>\n<\/tbody>\n<\/table>\n<\/div>\n<h2>Jak obliczy\u0107 straty spowodowane przestojem strony internetowej<\/h2>\n<p>Wiele si\u0119 m\u00f3wi na temat tego, jak dost\u0119pno\u015b\u0107 strony internetowej wp\u0142ywa na Tw\u00f3j biznes pod wzgl\u0119dem dochod\u00f3w i reputacji marki. Eksperci rzucaj\u0105 liczbami i strasz\u0105 swoimi przestrogami, ale dop\u00f3ki nie przeprowadzisz bada\u0144 na w\u0142asn\u0105 r\u0119k\u0119, nie b\u0119dziesz zna\u0142 ani rozumia\u0142 skali wp\u0142ywu tych liczb na Twoj\u0105 firm\u0119.<\/p>\n<p>W tym artykule przeprowadzimy ci\u0119 przez wyzwania zwi\u0105zane z przestojami na stronach internetowych i poka\u017cemy, jak obliczy\u0107 ich wp\u0142yw na dochody Twojej firmy.<\/p>\n<h2>Jak przest\u00f3j strony internetowej wp\u0142ywa na firm\u0119?<\/h2>\n<p>Oszacowanie kosztu przestoju strony internetowej jest jedn\u0105 z najbardziej podstawowych kalkulacji, je\u015bli chodzi o mierzenie ryzyka, niezale\u017cnie od tego, czy prowadzisz stron\u0119 SaaS (software as a service) czy sklep internetowy. Przest\u00f3j stanowi problem, kiedy twoja firma polega na swojej stronie internetowej lub API w celu uzyskania przychod\u00f3w, bezpo\u015brednio lub po\u015brednio. Wszyscy jeste\u015bmy jednak \u015bwiadomi, \u017ce ka\u017cda strona internetowa, niezale\u017cnie od tego, czy jest to oczekiwane, czy nieoczekiwane, do\u015bwiadcza pewnych przestoj\u00f3w.<\/p>\n<h3>Natychmiastowe konsekwencje przestoju<\/h3>\n<p>Bezpo\u015bredni wp\u0142yw przestoju jest najprostszy do okre\u015blenia i wykrycia; przest\u00f3j oznacza ca\u0142kowit\u0105 strat\u0119 dla wi\u0119kszo\u015bci przedsi\u0119biorstw internetowych w czasie przestoju. Przest\u00f3j wynosi zero, co oznacza 0 sprzeda\u017cy, 0 lead\u00f3w, 0 transakcji u\u017cytkownik\u00f3w i 0 przychod\u00f3w z reklam. Mo\u017cesz pom\u00f3c zniwelowa\u0107 cz\u0119\u015b\u0107 strat, planuj\u0105c przestoje w okresach niskiego wykorzystania zasob\u00f3w. Mo\u017cesz ograniczy\u0107 straty podczas niespodziewanych przestoj\u00f3w, maj\u0105c opracowan\u0105 strategi\u0119 i zdaj\u0105c sobie spraw\u0119 z przestoju strony internetowej, gdy tylko si\u0119 pojawi.<\/p>\n<h3>Potencjalne straty<\/h3>\n<p>Oczywisty wp\u0142yw przestoju jest widoczny i policzalny. Wyzwaniem jest oszacowanie potencjalnych strat, jakie mog\u0105 wygenerowa\u0107 zak\u0142\u00f3cenia. Ka\u017cdy scenariusz jest inny, ale potencjalne straty spowodowane przestojem mog\u0105 na wiele sposob\u00f3w wp\u0142yn\u0105\u0107 na przysz\u0142e dochody.<\/p>\n<h2>Jak obliczy\u0107 strat\u0119 spowodowan\u0105 przestojem strony internetowej?<\/h2>\n<p>W przypadku komercyjnych stron internetowych ka\u017cdy przest\u00f3j mniejszy ni\u017c 100% powoduje straty ekonomiczne. Przest\u00f3j na poziomie 1% mo\u017ce wydawa\u0107 si\u0119 nieistotny, ale sumuje si\u0119 do ponad 7 godzin ka\u017cdego miesi\u0105ca. <\/p>\n<p>U\u017cywaj\u0105c tego kalkulatora strat zwi\u0105zanych z przestojem, mo\u017cesz obliczy\u0107 straty poniesione przez firm\u0119 na skutek przestoju strony internetowej:<\/p>\n<ol>\n<li>Wype\u0142nij poni\u017csze parametry strony internetowej:\n<ul>\n<li style=\"list-style-type:disc;\">Wsp\u00f3\u0142czynnik konwersji<\/li>\n<li style=\"list-style-type:disc;\">\u015arednia warto\u015b\u0107 koszyka<\/li>\n<li style=\"list-style-type:disc;\">Odwiedziny na stronie (w skali miesi\u0105ca i roku).<\/li>\n<\/ul>\n<\/li>\n<li>Po uzupe\u0142nieniu tych danych b\u0119dziesz m\u00f3g\u0142 zobaczy\u0107 liczb\u0119 konwersji i doch\u00f3d w jednym miesi\u0105cu oraz w ca\u0142ym okresie trwania kampanii online (1 rok).<\/li>\n<\/ol>\n<p>Kalkulator ten pomo\u017ce ci obliczy\u0107 straty spowodowane przestojem strony internetowej. Przyk\u0142adowo, czas sprawno\u015bci na poziomie 99,99% spowoduje przest\u00f3j trwaj\u0105cy 4,383 minuty. Spowoduje to strat\u0119 w wysoko\u015bci 0,30 dolara miesi\u0119cznie i 3,60 dolara rocznie.<\/p>\n<h2>Podsumowuj\u0105c<\/h2>\n<p>Nale\u017cy pami\u0119ta\u0107, \u017ce przy obliczaniu czasu przestoju uwzgl\u0119dnimy wszystkie b\u0142\u0119dy. Na przyk\u0142ad, je\u015bli ustanowisz ograniczenia wydajno\u015bci dla monitora i jeden z tych limit\u00f3w zostanie osi\u0105gni\u0119ty, mo\u017cemy utworzy\u0107 b\u0142\u0105d dla tego scenariusza. Mimo \u017ce twoja strona w rzeczywisto\u015bci nie jest wy\u0142\u0105czona, b\u0119dzie ona odzwierciedla\u0107 nieidealny czas dzia\u0142ania, poniewa\u017c kryterium wydajno\u015bci nie zosta\u0142o spe\u0142nione. Zrozumienie ryzyka i ograniczenie go poprzez monitorowanie i posiadanie strategii usuwania skutk\u00f3w przestoj\u00f3w ma kluczowe znaczenie dla renomy i wynik\u00f3w Twojej firmy.<\/p>\n<p>Aby dok\u0142adnie obliczy\u0107 swoje straty z powodu przestoju strony internetowej, nie zapomnij u\u017cy\u0107 kalkulatora przedstawionego powy\u017cej.<\/p>\n","protected":false},"excerpt":{"rendered":"<p>Oblicz, jakie straty poniesie Tw\u00f3j biznes przy danym poziomie niedost\u0119pno\u015bci strony internetowej w ci\u0105gu miesi\u0105ca (downtime). Parametry serwisu Wska\u017anik konwersji % \u015arednia warto\u015b\u0107 koszyka z\u0142 miesi\u0105c rok Ruch w serwisie (wizyty) Wyniki Liczba konwersji 15 180 Przych\u00f3d 3 000,00 z\u0142 36 000,00z\u0142 Straty uptime downtime miesi\u0105c rok 100,00% &#8211; 99,99% 4,383 minut 99,90% 43,83 minut [&hellip;]<\/p>\n","protected":false},"author":1,"featured_media":0,"parent":0,"menu_order":0,"comment_status":"closed","ping_status":"closed","template":"","meta":{"footnotes":""},"class_list":["post-5850","page","type-page","status-publish","hentry"],"yoast_head":"<!-- This site is optimized with the Yoast SEO plugin v27.4 - https:\/\/yoast.com\/product\/yoast-seo-wordpress\/ -->\n<title>Straty w wyniku awarii strony internetowej - kalkulator<\/title>\n<meta name=\"description\" content=\"Oblicz, jakie straty poniesie Tw\u00f3j biznes przy danym poziomie niedost\u0119pno\u015bci strony internetowej w ci\u0105gu miesi\u0105ca (downtime).\" \/>\n<meta name=\"robots\" content=\"index, follow, max-snippet:-1, max-image-preview:large, max-video-preview:-1\" \/>\n<link rel=\"canonical\" href=\"https:\/\/www.supermonitoring.pl\/blogpl\/straty-w-wyniku-awarii-strony-internetowej\/\" \/>\n<meta property=\"og:locale\" content=\"pl_PL\" \/>\n<meta property=\"og:type\" content=\"article\" \/>\n<meta property=\"og:title\" content=\"Straty w wyniku awarii strony internetowej - kalkulator\" \/>\n<meta property=\"og:description\" content=\"Oblicz, jakie straty poniesie Tw\u00f3j biznes przy danym poziomie niedost\u0119pno\u015bci strony internetowej w ci\u0105gu miesi\u0105ca (downtime).\" \/>\n<meta property=\"og:url\" content=\"https:\/\/www.supermonitoring.pl\/blogpl\/straty-w-wyniku-awarii-strony-internetowej\/\" \/>\n<meta property=\"og:site_name\" content=\"Blog Super Monitoring\" \/>\n<meta property=\"article:publisher\" content=\"https:\/\/www.facebook.com\/monitoring.stron\" \/>\n<meta property=\"article:modified_time\" content=\"2022-05-10T13:27:54+00:00\" \/>\n<meta property=\"og:image\" content=\"https:\/\/super-monitoring.com\/blogpl\/wp-content\/uploads\/2022\/03\/supermonitoringPL1200x628.png\" \/>\n\t<meta property=\"og:image:width\" content=\"1200\" \/>\n\t<meta property=\"og:image:height\" content=\"628\" \/>\n\t<meta property=\"og:image:type\" content=\"image\/png\" \/>\n<meta name=\"twitter:card\" content=\"summary_large_image\" \/>\n<meta name=\"twitter:site\" content=\"@MonitoringStron\" \/>\n<meta name=\"twitter:label1\" content=\"Szacowany czas czytania\" \/>\n\t<meta name=\"twitter:data1\" content=\"3 minuty\" \/>\n<script type=\"application\/ld+json\" class=\"yoast-schema-graph\">{\"@context\":\"https:\\\/\\\/schema.org\",\"@graph\":[{\"@type\":\"WebPage\",\"@id\":\"https:\\\/\\\/www.supermonitoring.pl\\\/blogpl\\\/straty-w-wyniku-awarii-strony-internetowej\\\/\",\"url\":\"https:\\\/\\\/www.supermonitoring.pl\\\/blogpl\\\/straty-w-wyniku-awarii-strony-internetowej\\\/\",\"name\":\"Straty w wyniku awarii strony internetowej - kalkulator\",\"isPartOf\":{\"@id\":\"https:\\\/\\\/www.supermonitoring.pl\\\/blogpl\\\/#website\"},\"datePublished\":\"2022-03-20T10:21:43+00:00\",\"dateModified\":\"2022-05-10T13:27:54+00:00\",\"description\":\"Oblicz, jakie straty poniesie Tw\u00f3j biznes przy danym poziomie niedost\u0119pno\u015bci strony internetowej w ci\u0105gu miesi\u0105ca (downtime).\",\"breadcrumb\":{\"@id\":\"https:\\\/\\\/www.supermonitoring.pl\\\/blogpl\\\/straty-w-wyniku-awarii-strony-internetowej\\\/#breadcrumb\"},\"inLanguage\":\"pl-PL\",\"potentialAction\":[{\"@type\":\"ReadAction\",\"target\":[\"https:\\\/\\\/www.supermonitoring.pl\\\/blogpl\\\/straty-w-wyniku-awarii-strony-internetowej\\\/\"]}]},{\"@type\":\"BreadcrumbList\",\"@id\":\"https:\\\/\\\/www.supermonitoring.pl\\\/blogpl\\\/straty-w-wyniku-awarii-strony-internetowej\\\/#breadcrumb\",\"itemListElement\":[{\"@type\":\"ListItem\",\"position\":1,\"name\":\"Strona g\u0142\u00f3wna\",\"item\":\"https:\\\/\\\/www.supermonitoring.pl\\\/blogpl\\\/\"},{\"@type\":\"ListItem\",\"position\":2,\"name\":\"Straty w wyniku awarii strony internetowej &#8211; kalkulator\"}]},{\"@type\":\"WebSite\",\"@id\":\"https:\\\/\\\/www.supermonitoring.pl\\\/blogpl\\\/#website\",\"url\":\"https:\\\/\\\/www.supermonitoring.pl\\\/blogpl\\\/\",\"name\":\"Blog Super Monitoring\",\"description\":\"Narz\u0119dzia i zasoby dla ludzi Internetu \ud83d\udee0\ufe0f\",\"publisher\":{\"@id\":\"https:\\\/\\\/www.supermonitoring.pl\\\/blogpl\\\/#organization\"},\"potentialAction\":[{\"@type\":\"SearchAction\",\"target\":{\"@type\":\"EntryPoint\",\"urlTemplate\":\"https:\\\/\\\/www.supermonitoring.pl\\\/blogpl\\\/?s={search_term_string}\"},\"query-input\":{\"@type\":\"PropertyValueSpecification\",\"valueRequired\":true,\"valueName\":\"search_term_string\"}}],\"inLanguage\":\"pl-PL\"},{\"@type\":\"Organization\",\"@id\":\"https:\\\/\\\/www.supermonitoring.pl\\\/blogpl\\\/#organization\",\"name\":\"Super Monitoring\",\"url\":\"https:\\\/\\\/www.supermonitoring.pl\\\/blogpl\\\/\",\"logo\":{\"@type\":\"ImageObject\",\"inLanguage\":\"pl-PL\",\"@id\":\"https:\\\/\\\/www.supermonitoring.pl\\\/blogpl\\\/#\\\/schema\\\/logo\\\/image\\\/\",\"url\":\"https:\\\/\\\/super-monitoring.com\\\/blogpl\\\/wp-content\\\/uploads\\\/2020\\\/11\\\/supermonitoring-pionPL_400.png\",\"contentUrl\":\"https:\\\/\\\/super-monitoring.com\\\/blogpl\\\/wp-content\\\/uploads\\\/2020\\\/11\\\/supermonitoring-pionPL_400.png\",\"width\":400,\"height\":400,\"caption\":\"Super Monitoring\"},\"image\":{\"@id\":\"https:\\\/\\\/www.supermonitoring.pl\\\/blogpl\\\/#\\\/schema\\\/logo\\\/image\\\/\"},\"sameAs\":[\"https:\\\/\\\/www.facebook.com\\\/monitoring.stron\",\"https:\\\/\\\/x.com\\\/MonitoringStron\",\"https:\\\/\\\/www.linkedin.com\\\/showcase\\\/super-monitoring\\\/\"]}]}<\/script>\n<!-- \/ Yoast SEO plugin. -->","yoast_head_json":{"title":"Straty w wyniku awarii strony internetowej - kalkulator","description":"Oblicz, jakie straty poniesie Tw\u00f3j biznes przy danym poziomie niedost\u0119pno\u015bci strony internetowej w ci\u0105gu miesi\u0105ca (downtime).","robots":{"index":"index","follow":"follow","max-snippet":"max-snippet:-1","max-image-preview":"max-image-preview:large","max-video-preview":"max-video-preview:-1"},"canonical":"https:\/\/www.supermonitoring.pl\/blogpl\/straty-w-wyniku-awarii-strony-internetowej\/","og_locale":"pl_PL","og_type":"article","og_title":"Straty w wyniku awarii strony internetowej - kalkulator","og_description":"Oblicz, jakie straty poniesie Tw\u00f3j biznes przy danym poziomie niedost\u0119pno\u015bci strony internetowej w ci\u0105gu miesi\u0105ca (downtime).","og_url":"https:\/\/www.supermonitoring.pl\/blogpl\/straty-w-wyniku-awarii-strony-internetowej\/","og_site_name":"Blog Super Monitoring","article_publisher":"https:\/\/www.facebook.com\/monitoring.stron","article_modified_time":"2022-05-10T13:27:54+00:00","og_image":[{"width":1200,"height":628,"url":"https:\/\/super-monitoring.com\/blogpl\/wp-content\/uploads\/2022\/03\/supermonitoringPL1200x628.png","type":"image\/png"}],"twitter_card":"summary_large_image","twitter_site":"@MonitoringStron","twitter_misc":{"Szacowany czas czytania":"3 minuty"},"schema":{"@context":"https:\/\/schema.org","@graph":[{"@type":"WebPage","@id":"https:\/\/www.supermonitoring.pl\/blogpl\/straty-w-wyniku-awarii-strony-internetowej\/","url":"https:\/\/www.supermonitoring.pl\/blogpl\/straty-w-wyniku-awarii-strony-internetowej\/","name":"Straty w wyniku awarii strony internetowej - kalkulator","isPartOf":{"@id":"https:\/\/www.supermonitoring.pl\/blogpl\/#website"},"datePublished":"2022-03-20T10:21:43+00:00","dateModified":"2022-05-10T13:27:54+00:00","description":"Oblicz, jakie straty poniesie Tw\u00f3j biznes przy danym poziomie niedost\u0119pno\u015bci strony internetowej w ci\u0105gu miesi\u0105ca (downtime).","breadcrumb":{"@id":"https:\/\/www.supermonitoring.pl\/blogpl\/straty-w-wyniku-awarii-strony-internetowej\/#breadcrumb"},"inLanguage":"pl-PL","potentialAction":[{"@type":"ReadAction","target":["https:\/\/www.supermonitoring.pl\/blogpl\/straty-w-wyniku-awarii-strony-internetowej\/"]}]},{"@type":"BreadcrumbList","@id":"https:\/\/www.supermonitoring.pl\/blogpl\/straty-w-wyniku-awarii-strony-internetowej\/#breadcrumb","itemListElement":[{"@type":"ListItem","position":1,"name":"Strona g\u0142\u00f3wna","item":"https:\/\/www.supermonitoring.pl\/blogpl\/"},{"@type":"ListItem","position":2,"name":"Straty w wyniku awarii strony internetowej &#8211; kalkulator"}]},{"@type":"WebSite","@id":"https:\/\/www.supermonitoring.pl\/blogpl\/#website","url":"https:\/\/www.supermonitoring.pl\/blogpl\/","name":"Blog Super Monitoring","description":"Narz\u0119dzia i zasoby dla ludzi Internetu \ud83d\udee0\ufe0f","publisher":{"@id":"https:\/\/www.supermonitoring.pl\/blogpl\/#organization"},"potentialAction":[{"@type":"SearchAction","target":{"@type":"EntryPoint","urlTemplate":"https:\/\/www.supermonitoring.pl\/blogpl\/?s={search_term_string}"},"query-input":{"@type":"PropertyValueSpecification","valueRequired":true,"valueName":"search_term_string"}}],"inLanguage":"pl-PL"},{"@type":"Organization","@id":"https:\/\/www.supermonitoring.pl\/blogpl\/#organization","name":"Super Monitoring","url":"https:\/\/www.supermonitoring.pl\/blogpl\/","logo":{"@type":"ImageObject","inLanguage":"pl-PL","@id":"https:\/\/www.supermonitoring.pl\/blogpl\/#\/schema\/logo\/image\/","url":"https:\/\/super-monitoring.com\/blogpl\/wp-content\/uploads\/2020\/11\/supermonitoring-pionPL_400.png","contentUrl":"https:\/\/super-monitoring.com\/blogpl\/wp-content\/uploads\/2020\/11\/supermonitoring-pionPL_400.png","width":400,"height":400,"caption":"Super Monitoring"},"image":{"@id":"https:\/\/www.supermonitoring.pl\/blogpl\/#\/schema\/logo\/image\/"},"sameAs":["https:\/\/www.facebook.com\/monitoring.stron","https:\/\/x.com\/MonitoringStron","https:\/\/www.linkedin.com\/showcase\/super-monitoring\/"]}]}},"_links":{"self":[{"href":"https:\/\/www.supermonitoring.pl\/blogpl\/wp-json\/wp\/v2\/pages\/5850","targetHints":{"allow":["GET"]}}],"collection":[{"href":"https:\/\/www.supermonitoring.pl\/blogpl\/wp-json\/wp\/v2\/pages"}],"about":[{"href":"https:\/\/www.supermonitoring.pl\/blogpl\/wp-json\/wp\/v2\/types\/page"}],"author":[{"embeddable":true,"href":"https:\/\/www.supermonitoring.pl\/blogpl\/wp-json\/wp\/v2\/users\/1"}],"replies":[{"embeddable":true,"href":"https:\/\/www.supermonitoring.pl\/blogpl\/wp-json\/wp\/v2\/comments?post=5850"}],"version-history":[{"count":27,"href":"https:\/\/www.supermonitoring.pl\/blogpl\/wp-json\/wp\/v2\/pages\/5850\/revisions"}],"predecessor-version":[{"id":6083,"href":"https:\/\/www.supermonitoring.pl\/blogpl\/wp-json\/wp\/v2\/pages\/5850\/revisions\/6083"}],"wp:attachment":[{"href":"https:\/\/www.supermonitoring.pl\/blogpl\/wp-json\/wp\/v2\/media?parent=5850"}],"curies":[{"name":"wp","href":"https:\/\/api.w.org\/{rel}","templated":true}]}}