{"id":4911,"date":"2021-02-17T23:39:19","date_gmt":"2021-02-17T21:39:19","guid":{"rendered":"https:\/\/www.supermonitoring.pl\/blogpl\/?page_id=4911"},"modified":"2021-04-18T16:11:33","modified_gmt":"2021-04-18T14:11:33","slug":"wpisy-dns","status":"publish","type":"page","link":"https:\/\/www.supermonitoring.pl\/blogpl\/wpisy-dns\/","title":{"rendered":"Sprawd\u017a wpisy DNS domeny lub subdomeny"},"content":{"rendered":"<p><script>\n  function resizeIframe(obj) {\n    obj.style.height = obj.contentWindow.document.body.scrollHeight + 'px';\n  }\n<\/script><\/p>\n<p>Podaj adres internetowy i sprawd\u017a wpisy DNS dla podanej nazwy hosta.<\/p>\n<p><iframe src=\"\/mini-tools\/dns.php?lang=pl\" scrolling=\"no\" style=\"width:100%;border:none;overflow:hidden;min-height:500px;\" onload=\"resizeIframe(this)\" name=\"iframe-http\" id=\"iframe-http\"><br \/>\n<\/iframe><\/p>\n<h2>Serwery DNS<\/h2>\n<p>Aktualnie w Internecie istnieje ponad 1,5 miliarda stron internetowych, hostowanych na r\u00f3\u017cnych serwerach na ca\u0142ym \u015bwiecie. Niekt\u00f3re z nich maj\u0105 do\u015b\u0107 proste nazwy domen, inne wykorzystuj\u0105 subdomeny, aby przedstawi\u0107 u\u017cytkownikom informacje specyficzne dla danego kraju lub regionu. U\u017cytkownik mo\u017ce zapisa\u0107 stron\u0119 internetow\u0105 w zak\u0142adkach, aby mie\u0107 do niej zawsze \u0142atwy dost\u0119p, ale czy kiedykolwiek zastanawia\u0142e\u015b si\u0119, sk\u0105d przegl\u0105darka wie, kt\u00f3r\u0105 stron\u0119 internetow\u0105 otworzy\u0107 po wpisaniu adresu URL?<\/p>\n<p>Odpowiedzi\u0105 jest serwer DNS!<\/p>\n<p>Potraktuj serwer DNS jak ksi\u0105\u017ck\u0119 telefoniczn\u0105. To jest to, czego u\u017cywa Twoja przegl\u0105darka internetowa, aby do <a href=\"\/blogpl\/domena-internetowa-whois\/\" class=\"intlink\">nazwy domeny<\/a> strony internetowej dopasowa\u0107 poprawny adres IP. Te magiczne serwery pozwalaj\u0105 Twojemu komputerowi znale\u017a\u0107 dok\u0142adnie t\u0119 stron\u0119, kt\u00f3rej szukasz i odpowiednio j\u0105 za\u0142adowa\u0107.<\/p>\n<h2>Czym s\u0105 serwery DNS?<\/h2>\n<p>Serwery DNS (Domain Name System) to urz\u0105dzenia komputerowe, kt\u00f3re zawieraj\u0105 bazy danych publicznych adres\u00f3w IP i odpowiadaj\u0105cych im nazw domen. Kiedy u\u017cytkownik wpisuje adres URL do swojej przegl\u0105darki internetowej, przegl\u0105darka wysy\u0142a zapytanie do lokalnego serwera DNS, kt\u00f3ry nast\u0119pnie przeprowadza wyszukiwanie w celu zlokalizowania adresu IP, kt\u00f3ry u\u017cytkownik chce odwiedzi\u0107. Ca\u0142y proces pobierania po\u017c\u0105danych informacji odbywa si\u0119 przy pomocy kilku serwer\u00f3w po\u015brednicz\u0105cych (DNS resolver, serwer g\u0142\u00f3wny, serwer TLD i serwer autorytatywny), przy czym ka\u017cdy z nich t\u0142umaczy inn\u0105 cz\u0119\u015b\u0107 nazwy domeny, kt\u00f3r\u0105 u\u017cytkownik pierwotnie wpisa\u0142 w przegl\u0105darce internetowej. Po tym, jak wszystkie te serwery zako\u0144cz\u0105 prac\u0119 i prze\u015bl\u0105 informacje do pytaj\u0105cego serwera DNS, informacja jest wysy\u0142ana z powrotem do przegl\u0105darki internetowej u\u017cytkownika i zostaje mu wy\u015bwietlona.<\/p>\n<h2>Jakie s\u0105 niekt\u00f3re popularne rekordy DNS?<\/h2>\n<p>Ka\u017cdy rekord DNS reprezentuje indywidualny wpis dopasowuj\u0105cy adres IP do nazwy domeny. R\u00f3\u017cne rodzaje rekord\u00f3w DNS to:<\/p>\n<ul>\n<li><strong>Rekordy mapowania adres\u00f3w (A)<\/strong>: Najbardziej powszechny rodzaj, wpisy &#8220;A&#8221; s\u0105 u\u017cywane do mapowania nazw domen na adresy IPv4.<\/li>\n<li><strong>Rekordy dotycz\u0105ce wymiany poczty (MX)<\/strong>: Nazwy domen serwer\u00f3w pocztowych odpowiedzialnych za odbieranie e-maili w imieniu domeny s\u0105 przechowywane we wpisach dotycz\u0105cych wymiany poczty (MX).<\/li>\n<li><strong>Rekordy nazwy kanonicznej (CNAME)<\/strong>: Wpis ten s\u0142u\u017cy jako alias, mapuj\u0105c jedn\u0105 nazw\u0119 na drug\u0105. Jest on r\u00f3wnie\u017c u\u017cywany do eliminacji duplikat\u00f3w konfiguracji nazwy domeny.<\/li>\n<li><strong>Rekordy AAAA<\/strong>: Odpowiednikiem rekordu A w przypadku IPv6 jest rekord AAAA, kt\u00f3ry mapuje nazw\u0119 domeny na adres IPv6.<\/li>\n<li><strong>Rekordy wskazuj\u0105ce (PTR)<\/strong>: Rekord A lub AAAA jest przeciwie\u0144stwem rekordu wska\u017anika (PTR). Wpisy PTR t\u0142umacz\u0105 adresy IPv4 i IPv6 na nazwy domen. Rekordy PTR s\u0105 u\u017cywane podczas odwrotnego wyszukiwania DNS.<\/li>\n<li><strong>Rekordy serwera nazw (NS)<\/strong>: wpis NS okre\u015bla, \u017ce region DNS, taki jak &#8220;example.com&#8221;, zosta\u0142 przypisany do okre\u015blonego Autorytatywnego Serwera Nazw, a tak\u017ce zawiera adres serwera nazw.<\/li>\n<li><strong>Rekordy tekstowe (TXT)<\/strong>: Wpisy TXT zawieraj\u0105 zazwyczaj informacje nadaj\u0105ce si\u0119 do odczytu maszynowego, takie jak szyfrowanie, system polityki nadawcy, DKIM, DMARC, i tak dalej.<\/li>\n<li>R<strong>ekordy SOA (Start of Authority)<\/strong>: Te wpisy zawieraj\u0105 cenne informacje o strefie, takie jak g\u0142\u00f3wny autorytatywny serwer nazw strefy i adres e-mail administratora strefy.<\/li>\n<\/ul>\n<h2>Jak sprawdzi\u0107 rekordy DNS dla konkretnej domeny?<\/h2>\n<p>Korzystanie z terminala i polecenie \u201enslookup\u201d jest najbardziej efektywnym sposobem wyszukiwania rekord\u00f3w DNS domeny. Polecenie to dzia\u0142a doskonale na prawie wszystkich systemach operacyjnych i wy\u015bwietla wszystkie zapisy DNS dla danej domeny.<\/p>\n<p>Dla zaprezentowania jak u\u017cywa\u0107 polecenia, poni\u017cej znajduje si\u0119 przyk\u0142adowe polecenie nslookup dla ka\u017cdego typu rekordu.<\/p>\n<p>Uwaga: My b\u0119dziemy u\u017cywa\u0107 nazwy domeny xxxyyy.com, kt\u00f3r\u0105 nale\u017cy zast\u0105pi\u0107 t\u0105, z kt\u00f3r\u0105 zamierzasz pracowa\u0107.<\/p>\n<ul>\n<li>Wyszukaj rekord A: nslookup -type=A xxxyyy.com<\/li>\n<li>Wyszukaj rekord NS: nslookup -type=NS xxxyyy.com<\/li>\n<li>Wyszukaj rekord MX: nslookup -type=MX xxxyyy.com<\/li>\n<li>Wyszukaj rekord CNAME: nslookup -type=CNAME xxxyyy.com<\/li>\n<\/ul>\n<p>Je\u015bli korzystanie z wiersza polece\u0144 wydaje si\u0119 zbyt skomplikowane, mo\u017cesz wyszuka\u0107 zapisy DNS dla domeny u\u017cywaj\u0105c jednego z wielu sprawdzonych zasob\u00f3w internetowych. Poni\u017cej przedstawiamy trzy najlepsze z takich zasob\u00f3w:<\/p>\n<ul>\n<li><b>DNSRecords<\/b> &#8211; Umo\u017cliwia dost\u0119p do nazwy domeny i otrzymanie wszystkich jej rekord\u00f3w DNS.<\/li>\n<li><b>DNSChecker.org<\/b> &#8211; Wy\u015bwietla wszystkie rekordy DNS dla domeny oraz spos\u00f3b ich propagacji w Internecie.<\/li>\n<li><b>LeafDNS<\/b> &#8211; Wy\u015bwietla rekordy DNS dla domeny, a tak\u017ce wy\u015bwietla alerty\/awarie. Pozwala okre\u015bli\u0107, czy wpisy DNS s\u0105 prawid\u0142owe, czy nie. Jest to przydatne podczas tworzenia niestandardowych serwer\u00f3w nazw dla domeny.<\/li>\n<\/ul>\n<p>Uwaga: Je\u015bli \u017cadna z powy\u017cszych metod nie dzia\u0142a, skorzystaj z powy\u017cszego narz\u0119dzia, aby sprawdzi\u0107 rekordy DNS swojej domeny.<\/p>\n","protected":false},"excerpt":{"rendered":"<p>Podaj adres internetowy i sprawd\u017a wpisy DNS dla podanej nazwy hosta. Serwery DNS Aktualnie w Internecie istnieje ponad 1,5 miliarda stron internetowych, hostowanych na r\u00f3\u017cnych serwerach na ca\u0142ym \u015bwiecie. Niekt\u00f3re z nich maj\u0105 do\u015b\u0107 proste nazwy domen, inne wykorzystuj\u0105 subdomeny, aby przedstawi\u0107 u\u017cytkownikom informacje specyficzne dla danego kraju lub regionu. U\u017cytkownik mo\u017ce zapisa\u0107 stron\u0119 internetow\u0105 [&hellip;]<\/p>\n","protected":false},"author":1,"featured_media":0,"parent":0,"menu_order":0,"comment_status":"closed","ping_status":"closed","template":"","meta":{"footnotes":""},"class_list":["post-4911","page","type-page","status-publish","hentry"],"yoast_head":"<!-- This site is optimized with the Yoast SEO plugin v27.3 - https:\/\/yoast.com\/product\/yoast-seo-wordpress\/ -->\n<title>Sprawd\u017a wpisy DNS domeny lub subdomeny<\/title>\n<meta name=\"description\" content=\"Podaj adres internetowy i sprawd\u017a wpisy DNS dla podanej nazwy hosta.\" \/>\n<meta name=\"robots\" content=\"index, follow, max-snippet:-1, max-image-preview:large, max-video-preview:-1\" \/>\n<link rel=\"canonical\" href=\"https:\/\/www.supermonitoring.pl\/blogpl\/wpisy-dns\/\" \/>\n<meta property=\"og:locale\" content=\"pl_PL\" \/>\n<meta property=\"og:type\" content=\"article\" \/>\n<meta property=\"og:title\" content=\"Sprawd\u017a wpisy DNS domeny lub subdomeny\" \/>\n<meta property=\"og:description\" content=\"Podaj adres internetowy i sprawd\u017a wpisy DNS dla podanej nazwy hosta.\" \/>\n<meta property=\"og:url\" content=\"https:\/\/www.supermonitoring.pl\/blogpl\/wpisy-dns\/\" \/>\n<meta property=\"og:site_name\" content=\"Blog Super Monitoring\" \/>\n<meta property=\"article:publisher\" content=\"https:\/\/www.facebook.com\/monitoring.stron\" \/>\n<meta property=\"article:modified_time\" content=\"2021-04-18T14:11:33+00:00\" \/>\n<meta property=\"og:image\" content=\"https:\/\/super-monitoring.com\/blogpl\/wp-content\/uploads\/2022\/03\/supermonitoringPL1200x628.png\" \/>\n\t<meta property=\"og:image:width\" content=\"1200\" \/>\n\t<meta property=\"og:image:height\" content=\"628\" \/>\n\t<meta property=\"og:image:type\" content=\"image\/png\" \/>\n<meta name=\"twitter:card\" content=\"summary_large_image\" \/>\n<meta name=\"twitter:site\" content=\"@MonitoringStron\" \/>\n<meta name=\"twitter:label1\" content=\"Szacowany czas czytania\" \/>\n\t<meta name=\"twitter:data1\" content=\"4 minuty\" \/>\n<script type=\"application\/ld+json\" class=\"yoast-schema-graph\">{\"@context\":\"https:\\\/\\\/schema.org\",\"@graph\":[{\"@type\":\"WebPage\",\"@id\":\"https:\\\/\\\/www.supermonitoring.pl\\\/blogpl\\\/wpisy-dns\\\/\",\"url\":\"https:\\\/\\\/www.supermonitoring.pl\\\/blogpl\\\/wpisy-dns\\\/\",\"name\":\"Sprawd\u017a wpisy DNS domeny lub subdomeny\",\"isPartOf\":{\"@id\":\"https:\\\/\\\/www.supermonitoring.pl\\\/blogpl\\\/#website\"},\"datePublished\":\"2021-02-17T21:39:19+00:00\",\"dateModified\":\"2021-04-18T14:11:33+00:00\",\"description\":\"Podaj adres internetowy i sprawd\u017a wpisy DNS dla podanej nazwy hosta.\",\"breadcrumb\":{\"@id\":\"https:\\\/\\\/www.supermonitoring.pl\\\/blogpl\\\/wpisy-dns\\\/#breadcrumb\"},\"inLanguage\":\"pl-PL\",\"potentialAction\":[{\"@type\":\"ReadAction\",\"target\":[\"https:\\\/\\\/www.supermonitoring.pl\\\/blogpl\\\/wpisy-dns\\\/\"]}]},{\"@type\":\"BreadcrumbList\",\"@id\":\"https:\\\/\\\/www.supermonitoring.pl\\\/blogpl\\\/wpisy-dns\\\/#breadcrumb\",\"itemListElement\":[{\"@type\":\"ListItem\",\"position\":1,\"name\":\"Strona g\u0142\u00f3wna\",\"item\":\"https:\\\/\\\/www.supermonitoring.pl\\\/blogpl\\\/\"},{\"@type\":\"ListItem\",\"position\":2,\"name\":\"Sprawd\u017a wpisy DNS domeny lub subdomeny\"}]},{\"@type\":\"WebSite\",\"@id\":\"https:\\\/\\\/www.supermonitoring.pl\\\/blogpl\\\/#website\",\"url\":\"https:\\\/\\\/www.supermonitoring.pl\\\/blogpl\\\/\",\"name\":\"Blog Super Monitoring\",\"description\":\"Narz\u0119dzia i zasoby dla ludzi Internetu \ud83d\udee0\ufe0f\",\"publisher\":{\"@id\":\"https:\\\/\\\/www.supermonitoring.pl\\\/blogpl\\\/#organization\"},\"potentialAction\":[{\"@type\":\"SearchAction\",\"target\":{\"@type\":\"EntryPoint\",\"urlTemplate\":\"https:\\\/\\\/www.supermonitoring.pl\\\/blogpl\\\/?s={search_term_string}\"},\"query-input\":{\"@type\":\"PropertyValueSpecification\",\"valueRequired\":true,\"valueName\":\"search_term_string\"}}],\"inLanguage\":\"pl-PL\"},{\"@type\":\"Organization\",\"@id\":\"https:\\\/\\\/www.supermonitoring.pl\\\/blogpl\\\/#organization\",\"name\":\"Super Monitoring\",\"url\":\"https:\\\/\\\/www.supermonitoring.pl\\\/blogpl\\\/\",\"logo\":{\"@type\":\"ImageObject\",\"inLanguage\":\"pl-PL\",\"@id\":\"https:\\\/\\\/www.supermonitoring.pl\\\/blogpl\\\/#\\\/schema\\\/logo\\\/image\\\/\",\"url\":\"https:\\\/\\\/super-monitoring.com\\\/blogpl\\\/wp-content\\\/uploads\\\/2020\\\/11\\\/supermonitoring-pionPL_400.png\",\"contentUrl\":\"https:\\\/\\\/super-monitoring.com\\\/blogpl\\\/wp-content\\\/uploads\\\/2020\\\/11\\\/supermonitoring-pionPL_400.png\",\"width\":400,\"height\":400,\"caption\":\"Super Monitoring\"},\"image\":{\"@id\":\"https:\\\/\\\/www.supermonitoring.pl\\\/blogpl\\\/#\\\/schema\\\/logo\\\/image\\\/\"},\"sameAs\":[\"https:\\\/\\\/www.facebook.com\\\/monitoring.stron\",\"https:\\\/\\\/x.com\\\/MonitoringStron\",\"https:\\\/\\\/www.linkedin.com\\\/showcase\\\/super-monitoring\\\/\"]}]}<\/script>\n<!-- \/ Yoast SEO plugin. -->","yoast_head_json":{"title":"Sprawd\u017a wpisy DNS domeny lub subdomeny","description":"Podaj adres internetowy i sprawd\u017a wpisy DNS dla podanej nazwy hosta.","robots":{"index":"index","follow":"follow","max-snippet":"max-snippet:-1","max-image-preview":"max-image-preview:large","max-video-preview":"max-video-preview:-1"},"canonical":"https:\/\/www.supermonitoring.pl\/blogpl\/wpisy-dns\/","og_locale":"pl_PL","og_type":"article","og_title":"Sprawd\u017a wpisy DNS domeny lub subdomeny","og_description":"Podaj adres internetowy i sprawd\u017a wpisy DNS dla podanej nazwy hosta.","og_url":"https:\/\/www.supermonitoring.pl\/blogpl\/wpisy-dns\/","og_site_name":"Blog Super Monitoring","article_publisher":"https:\/\/www.facebook.com\/monitoring.stron","article_modified_time":"2021-04-18T14:11:33+00:00","og_image":[{"width":1200,"height":628,"url":"https:\/\/super-monitoring.com\/blogpl\/wp-content\/uploads\/2022\/03\/supermonitoringPL1200x628.png","type":"image\/png"}],"twitter_card":"summary_large_image","twitter_site":"@MonitoringStron","twitter_misc":{"Szacowany czas czytania":"4 minuty"},"schema":{"@context":"https:\/\/schema.org","@graph":[{"@type":"WebPage","@id":"https:\/\/www.supermonitoring.pl\/blogpl\/wpisy-dns\/","url":"https:\/\/www.supermonitoring.pl\/blogpl\/wpisy-dns\/","name":"Sprawd\u017a wpisy DNS domeny lub subdomeny","isPartOf":{"@id":"https:\/\/www.supermonitoring.pl\/blogpl\/#website"},"datePublished":"2021-02-17T21:39:19+00:00","dateModified":"2021-04-18T14:11:33+00:00","description":"Podaj adres internetowy i sprawd\u017a wpisy DNS dla podanej nazwy hosta.","breadcrumb":{"@id":"https:\/\/www.supermonitoring.pl\/blogpl\/wpisy-dns\/#breadcrumb"},"inLanguage":"pl-PL","potentialAction":[{"@type":"ReadAction","target":["https:\/\/www.supermonitoring.pl\/blogpl\/wpisy-dns\/"]}]},{"@type":"BreadcrumbList","@id":"https:\/\/www.supermonitoring.pl\/blogpl\/wpisy-dns\/#breadcrumb","itemListElement":[{"@type":"ListItem","position":1,"name":"Strona g\u0142\u00f3wna","item":"https:\/\/www.supermonitoring.pl\/blogpl\/"},{"@type":"ListItem","position":2,"name":"Sprawd\u017a wpisy DNS domeny lub subdomeny"}]},{"@type":"WebSite","@id":"https:\/\/www.supermonitoring.pl\/blogpl\/#website","url":"https:\/\/www.supermonitoring.pl\/blogpl\/","name":"Blog Super Monitoring","description":"Narz\u0119dzia i zasoby dla ludzi Internetu \ud83d\udee0\ufe0f","publisher":{"@id":"https:\/\/www.supermonitoring.pl\/blogpl\/#organization"},"potentialAction":[{"@type":"SearchAction","target":{"@type":"EntryPoint","urlTemplate":"https:\/\/www.supermonitoring.pl\/blogpl\/?s={search_term_string}"},"query-input":{"@type":"PropertyValueSpecification","valueRequired":true,"valueName":"search_term_string"}}],"inLanguage":"pl-PL"},{"@type":"Organization","@id":"https:\/\/www.supermonitoring.pl\/blogpl\/#organization","name":"Super Monitoring","url":"https:\/\/www.supermonitoring.pl\/blogpl\/","logo":{"@type":"ImageObject","inLanguage":"pl-PL","@id":"https:\/\/www.supermonitoring.pl\/blogpl\/#\/schema\/logo\/image\/","url":"https:\/\/super-monitoring.com\/blogpl\/wp-content\/uploads\/2020\/11\/supermonitoring-pionPL_400.png","contentUrl":"https:\/\/super-monitoring.com\/blogpl\/wp-content\/uploads\/2020\/11\/supermonitoring-pionPL_400.png","width":400,"height":400,"caption":"Super Monitoring"},"image":{"@id":"https:\/\/www.supermonitoring.pl\/blogpl\/#\/schema\/logo\/image\/"},"sameAs":["https:\/\/www.facebook.com\/monitoring.stron","https:\/\/x.com\/MonitoringStron","https:\/\/www.linkedin.com\/showcase\/super-monitoring\/"]}]}},"_links":{"self":[{"href":"https:\/\/www.supermonitoring.pl\/blogpl\/wp-json\/wp\/v2\/pages\/4911","targetHints":{"allow":["GET"]}}],"collection":[{"href":"https:\/\/www.supermonitoring.pl\/blogpl\/wp-json\/wp\/v2\/pages"}],"about":[{"href":"https:\/\/www.supermonitoring.pl\/blogpl\/wp-json\/wp\/v2\/types\/page"}],"author":[{"embeddable":true,"href":"https:\/\/www.supermonitoring.pl\/blogpl\/wp-json\/wp\/v2\/users\/1"}],"replies":[{"embeddable":true,"href":"https:\/\/www.supermonitoring.pl\/blogpl\/wp-json\/wp\/v2\/comments?post=4911"}],"version-history":[{"count":4,"href":"https:\/\/www.supermonitoring.pl\/blogpl\/wp-json\/wp\/v2\/pages\/4911\/revisions"}],"predecessor-version":[{"id":5079,"href":"https:\/\/www.supermonitoring.pl\/blogpl\/wp-json\/wp\/v2\/pages\/4911\/revisions\/5079"}],"wp:attachment":[{"href":"https:\/\/www.supermonitoring.pl\/blogpl\/wp-json\/wp\/v2\/media?parent=4911"}],"curies":[{"name":"wp","href":"https:\/\/api.w.org\/{rel}","templated":true}]}}