{"id":4909,"date":"2021-02-17T23:38:15","date_gmt":"2021-02-17T21:38:15","guid":{"rendered":"https:\/\/www.supermonitoring.pl\/blogpl\/?page_id=4909"},"modified":"2021-04-18T16:15:19","modified_gmt":"2021-04-18T14:15:19","slug":"czarne-listy-google-rbl","status":"publish","type":"page","link":"https:\/\/www.supermonitoring.pl\/blogpl\/czarne-listy-google-rbl\/","title":{"rendered":"Czy Twoja strona znajduje si\u0119 na czarnej li\u015bcie?"},"content":{"rendered":"<p><script>\n  function resizeIframe(obj) {\n    obj.style.height = obj.contentWindow.document.body.scrollHeight + 'px';\n  }\n<\/script><\/p>\n<p>Podaj adres strony i dowiedz si\u0119, czy znajduje si\u0119 na kt\u00f3rejkolwiek z list spamer\u00f3w RBL lub na czarnej li\u015bcie Google Safe Search.<\/p>\n<p><iframe src=\"\/mini-tools\/blacklists.php?lang=pl\" scrolling=\"no\" style=\"width:100%;border:none;overflow:hidden;min-height:500px;\" onload=\"resizeIframe(this)\" name=\"iframe-http\" id=\"iframe-http\"><br \/>\n<\/iframe><\/p>\n<h2>Czarne listy spamer\u00f3w<\/h2>\n<p>Loguj\u0105c si\u0119 codziennie do swojej skrzynki mailowej, opr\u00f3cz wa\u017cnych maili mo\u017cesz natkn\u0105\u0107 si\u0119 na mas\u0119 maili reklamowych i marketingowych. Chocia\u017c niekt\u00f3re z nich mog\u0105 faktycznie skutecznie wzbudzi\u0107 Twoje zainteresowanie, inne mog\u0105 po prostu trafi\u0107 do kosza. Chocia\u017c mo\u017ce Ci si\u0119 wydawa\u0107, \u017ce po ich usuni\u0119ciu Twoja skrzynka nie b\u0119dzie ju\u017c zawiera\u0142a takich nieistotnych wiadomo\u015bci, faktem jest, \u017ce kiedy zalogujesz si\u0119 do niej nast\u0119pnego dnia, mo\u017cesz znale\u017a\u0107 w niej tyle samo reklam i wiadomo\u015bci marketingowych.<\/p>\n<p>Dlaczego? Z powodu czego\u015b, co nazywa si\u0119 spamem. Spamowanie e-maili jest technik\u0105 marketingow\u0105 wykorzystywan\u0105 przez wiele firm w celu dotarcia do potencjalnych klient\u00f3w. Takie firmy cz\u0119sto prowadz\u0105 katalog adres\u00f3w e-mail i u\u017cywaj\u0105 zautomatyzowanego systemu do masowego wysy\u0142ania tych samych e-maili na te adresy, codziennie od nowa. Wbrew temu, co s\u0105dzimy, strategia ta faktycznie pomaga im regularnie konwertowa\u0107 ca\u0142kiem spor\u0105 liczb\u0119 klient\u00f3w.<\/p>\n<p>Jednak dla u\u017cytkownika ko\u0144cowego, zalewanie skrzynki odbiorczej spamem mo\u017ce by\u0107 irytuj\u0105ce, dlatego warto trzyma\u0107 si\u0119 od nich z daleka. Technik\u0105, kt\u00f3ra to umo\u017cliwia jest czarna lista spamer\u00f3w.<\/p>\n<h2>Co to jest czarna lista spamer\u00f3w?<\/h2>\n<p>Czarna lista spamer\u00f3w to lista adres\u00f3w IP, kt\u00f3re s\u0105 znane i zidentyfikowane jako wysy\u0142aj\u0105ce du\u017ce ilo\u015bci niechcianych wiadomo\u015bci e-mail. Taka lista jest u\u017cywana w celu utrzymania spamu z dala od sieci biznesowych i jest najcz\u0119\u015bciej wykorzystywana przez dostawc\u00f3w us\u0142ug internetowych, dostawc\u00f3w darmowych skrzynek pocztowych i dostawc\u00f3w antyspamowych w po\u0142\u0105czeniu z oprogramowaniem blokuj\u0105cym spam, aby zapobiec masowemu otrzymywaniu niechcianych wiadomo\u015bci e-mail przez u\u017cytkownik\u00f3w ko\u0144cowych. Podczas gdy niekt\u00f3rzy znani dostawcy us\u0142ug internetowych utrzymuj\u0105 w\u0142asne wewn\u0119trzne blacklisty, wielu innych polega na publicznie dost\u0119pnych czarnych listach utrzymywanych przez firmy specjalizuj\u0105ce si\u0119 w tej dziedzinie.<\/p>\n<p>Chocia\u017c posiadanie czarnej listy spamer\u00f3w na serwerze mo\u017ce zapobiec przedostaniu si\u0119 wielu niechcianych wiadomo\u015bci e-mail, zawsze istnieje niewielka szansa, \u017ce zautomatyzowane narz\u0119dzie do blokowania spamu umie\u015bci na czarnej li\u015bcie r\u00f3wnie\u017c dozwolone wiadomo\u015bci e-mail. Z tego powodu niekt\u00f3re programy antyspamowe s\u0105 zaprogramowane tak, aby wyr\u00f3\u017cni\u0107 konkretne adresy IP (lub nawet konkretne <a href=\"\/blogpl\/domena-internetowa-whois\/\" class=\"intlink\">nazwy domen<\/a>), kt\u00f3re powinny by\u0107 dopuszczone do ruchu, niezale\u017cnie od tego, ile podobnych wiadomo\u015bci e-mail otrzymuje serwer.<\/p>\n<h2>Jak sprawdzi\u0107, czy moja strona jest na czarnej li\u015bcie?<\/h2>\n<p>Je\u015bli jeste\u015b w\u0142a\u015bcicielem firmy, kt\u00f3ry korzysta z marketingu e-mailowego do promowania swoich produkt\u00f3w i us\u0142ug, ca\u0142kiem mo\u017cliwe, \u017ce mo\u017cesz trafi\u0107 na czarn\u0105 list\u0119 spamu, co mo\u017ce mie\u0107 znacz\u0105cy wp\u0142yw na Twoj\u0105 dzia\u0142alno\u015b\u0107. W zwi\u0105zku z tym wa\u017cne jest, aby dowiedzie\u0107 si\u0119, czy Tw\u00f3j adres IP znajduje si\u0119 na czarnej li\u015bcie, aby\u015b m\u00f3g\u0142 podj\u0105\u0107 niezb\u0119dne kroki w celu usuni\u0119cia go stamt\u0105d. Badania wskazuj\u0105, \u017ce strony biznesowe, kt\u00f3re zosta\u0142y umieszczone na czarnej li\u015bcie, cz\u0119sto odnotowuj\u0105 95% spadek ruchu.<\/p>\n<p>Istniej\u0105 r\u00f3\u017cne metody, pozwalaj\u0105ce sprawdzi\u0107, czy Twoja witryna lub adres IP znajduje si\u0119 na czarnej li\u015bcie spamer\u00f3w:<\/p>\n<h3>Sprawd\u017a czarn\u0105 list\u0119 Google<\/h3>\n<p>Z \u0142atwo\u015bci\u0105 mo\u017cesz znale\u017a\u0107 ostatni\u0105 dat\u0119, kiedy Google indeksowa\u0142o Twoj\u0105 stron\u0119 i wykry\u0142o z\u0142o\u015bliw\u0105 zawarto\u015b\u0107 poprzez Google Search Console. Wystarczy, \u017ce przejdziesz do sekcji \u201eProblemy dotycz\u0105ce bezpiecze\u0144stwa\u201d, aby to sprawdzi\u0107 i wprowadzi\u0107 ewentualne aktualizacje. Po wprowadzeniu poprawek, mo\u017cesz r\u00f3wnie\u017c u\u017cy\u0107 Narz\u0119dzi dla Webmaster\u00f3w Google, aby poprosi\u0107 o sprawdzenie z\u0142o\u015bliwego oprogramowania. W ci\u0105gu kilku godzin wyszukiwanie na czarnej li\u015bcie Google ponownie przeskanuje Twoj\u0105 witryn\u0119 pod k\u0105tem z\u0142o\u015bliwego oprogramowania. Je\u015bli Twoja witryna jest na czarnej li\u015bcie, data sprawdzenia i data wykrycia z\u0142o\u015bliwego oprogramowania s\u0105 zazwyczaj takie same.<\/p>\n<h3>Sprawdzi\u0107 swoje metryki<\/h3>\n<p>Je\u015bli liczba odwiedzin organicznych na Twojej stronie drastycznie spad\u0142a (np. z 30% do 5%), powiniene\u015b zorientowa\u0107 si\u0119, \u017ce co\u015b jest nie tak. Jest to wyra\u017any znak, \u017ce Twoje e-maile marketingowe gin\u0105 gdzie\u015b po drodze. Mo\u017ce to by\u0107 spowodowane czarn\u0105 list\u0105, b\u0142\u0119dami w uwierzytelnianiu lub innymi problemami.<\/p>\n<h3>Zwracaj uwag\u0119 na alerty bezpiecze\u0144stwa Google<\/h3>\n<p>Kiedy Google podejrzewa, \u017ce witryna zawiera z\u0142o\u015bliwe oprogramowanie i strony spamu, wy\u015bwietla gro\u017anie wygl\u0105daj\u0105cy alert z napisem &#8220;Strona, kt\u00f3r\u0105 chcesz otworzy\u0107, zawiera z\u0142o\u015bliwe oprogramowanie&#8221;, kiedy j\u0105 odwiedzasz. Taki alert nie b\u0119dzie wy\u015bwietlany w postaci powiadomienia na czerwonym ekranie, ale znajdziesz go na stronie wynik\u00f3w wyszukiwania Google, wy\u015bwietlanego niebieskim kolorem tu\u017c pod adresem witryny. Upewnij si\u0119, \u017ce nie dzieje si\u0119 tak w przypadku Twojej witryny.<\/p>\n<h3>Znajd\u017a pomoc w renomowanych serwisach<\/h3>\n<p>Je\u015bli masz problem z okre\u015bleniem, czy Twoja witryna znajduje si\u0119 na czarnej li\u015bcie Google, mo\u017cesz skorzysta\u0107 z pomocy narz\u0119dzi online stworzonych specjalnie w tym celu. W Internecie dost\u0119pnych jest kilka takich narz\u0119dzi skanuj\u0105cych, kt\u00f3re sprawdz\u0105 Twoj\u0105 witryn\u0119 i powiadomi\u0105 Ci\u0119 o z\u0142o\u015bliwych tre\u015bciach lub spamie. Strony te b\u0119d\u0105 r\u00f3wnie\u017c sprawdza\u0107 zawarto\u015b\u0107 czarnej listy Google i innych czarnych list w Internecie dla Twojej witryny i powiadomi\u0105 Ci\u0119, je\u015bli pojawi si\u0119 na kt\u00f3rejkolwiek z nich. Uzyskasz r\u00f3wnie\u017c pomoc w usuwaniu z\u0142o\u015bliwego oprogramowania, przywracaniu ochrony witryny i usuni\u0119ciu witryny z czarnej listy Google tak szybko, jak to mo\u017cliwe.<\/p>\n<h3>Wy\u015blij kilka testowych e-maili<\/h3>\n<p>Wysy\u0142anie testowych wiadomo\u015bci e-mail na list\u0119 znanych adres\u00f3w e-mail i sprawdzanie, czy zostan\u0105 one dostarczone do skrzynki odbiorczej lub folderu spamu stanowi r\u00f3wnie\u017c do\u015b\u0107 prost\u0105 technik\u0119.<\/p>\n<p>Uwaga: Je\u015bli \u017cadne inne rozwi\u0105zanie nie dzia\u0142a, mo\u017cesz skorzysta\u0107 z darmowego narz\u0119dzia powy\u017cej, aby sprawdzi\u0107, czy Twoja strona znajduje si\u0119 na czarnej li\u015bcie spamu.<\/p>\n","protected":false},"excerpt":{"rendered":"<p>Podaj adres strony i dowiedz si\u0119, czy znajduje si\u0119 na kt\u00f3rejkolwiek z list spamer\u00f3w RBL lub na czarnej li\u015bcie Google Safe Search. Czarne listy spamer\u00f3w Loguj\u0105c si\u0119 codziennie do swojej skrzynki mailowej, opr\u00f3cz wa\u017cnych maili mo\u017cesz natkn\u0105\u0107 si\u0119 na mas\u0119 maili reklamowych i marketingowych. Chocia\u017c niekt\u00f3re z nich mog\u0105 faktycznie skutecznie wzbudzi\u0107 Twoje zainteresowanie, inne [&hellip;]<\/p>\n","protected":false},"author":1,"featured_media":0,"parent":0,"menu_order":0,"comment_status":"closed","ping_status":"closed","template":"","meta":{"footnotes":""},"class_list":["post-4909","page","type-page","status-publish","hentry"],"yoast_head":"<!-- This site is optimized with the Yoast SEO plugin v27.4 - https:\/\/yoast.com\/product\/yoast-seo-wordpress\/ -->\n<title>Czy Twoja strona znajduje si\u0119 na czarnej li\u015bcie?<\/title>\n<meta name=\"description\" content=\"Podaj adres strony i dowiedz si\u0119, czy znajduje si\u0119 na kt\u00f3rejkolwiek z list spamer\u00f3w RBL lub na czarnej li\u015bcie Google Safe Search.\" \/>\n<meta name=\"robots\" content=\"index, follow, max-snippet:-1, max-image-preview:large, max-video-preview:-1\" \/>\n<link rel=\"canonical\" href=\"https:\/\/www.supermonitoring.pl\/blogpl\/czarne-listy-google-rbl\/\" \/>\n<meta property=\"og:locale\" content=\"pl_PL\" \/>\n<meta property=\"og:type\" content=\"article\" \/>\n<meta property=\"og:title\" content=\"Czy Twoja strona znajduje si\u0119 na czarnej li\u015bcie?\" \/>\n<meta property=\"og:description\" content=\"Podaj adres strony i dowiedz si\u0119, czy znajduje si\u0119 na kt\u00f3rejkolwiek z list spamer\u00f3w RBL lub na czarnej li\u015bcie Google Safe Search.\" \/>\n<meta property=\"og:url\" content=\"https:\/\/www.supermonitoring.pl\/blogpl\/czarne-listy-google-rbl\/\" \/>\n<meta property=\"og:site_name\" content=\"Blog Super Monitoring\" \/>\n<meta property=\"article:publisher\" content=\"https:\/\/www.facebook.com\/monitoring.stron\" \/>\n<meta property=\"article:modified_time\" content=\"2021-04-18T14:15:19+00:00\" \/>\n<meta property=\"og:image\" content=\"https:\/\/super-monitoring.com\/blogpl\/wp-content\/uploads\/2022\/03\/supermonitoringPL1200x628.png\" \/>\n\t<meta property=\"og:image:width\" content=\"1200\" \/>\n\t<meta property=\"og:image:height\" content=\"628\" \/>\n\t<meta property=\"og:image:type\" content=\"image\/png\" \/>\n<meta name=\"twitter:card\" content=\"summary_large_image\" \/>\n<meta name=\"twitter:site\" content=\"@MonitoringStron\" \/>\n<meta name=\"twitter:label1\" content=\"Szacowany czas czytania\" \/>\n\t<meta name=\"twitter:data1\" content=\"5 minut\" \/>\n<script type=\"application\/ld+json\" class=\"yoast-schema-graph\">{\"@context\":\"https:\\\/\\\/schema.org\",\"@graph\":[{\"@type\":\"WebPage\",\"@id\":\"https:\\\/\\\/www.supermonitoring.pl\\\/blogpl\\\/czarne-listy-google-rbl\\\/\",\"url\":\"https:\\\/\\\/www.supermonitoring.pl\\\/blogpl\\\/czarne-listy-google-rbl\\\/\",\"name\":\"Czy Twoja strona znajduje si\u0119 na czarnej li\u015bcie?\",\"isPartOf\":{\"@id\":\"https:\\\/\\\/www.supermonitoring.pl\\\/blogpl\\\/#website\"},\"datePublished\":\"2021-02-17T21:38:15+00:00\",\"dateModified\":\"2021-04-18T14:15:19+00:00\",\"description\":\"Podaj adres strony i dowiedz si\u0119, czy znajduje si\u0119 na kt\u00f3rejkolwiek z list spamer\u00f3w RBL lub na czarnej li\u015bcie Google Safe Search.\",\"breadcrumb\":{\"@id\":\"https:\\\/\\\/www.supermonitoring.pl\\\/blogpl\\\/czarne-listy-google-rbl\\\/#breadcrumb\"},\"inLanguage\":\"pl-PL\",\"potentialAction\":[{\"@type\":\"ReadAction\",\"target\":[\"https:\\\/\\\/www.supermonitoring.pl\\\/blogpl\\\/czarne-listy-google-rbl\\\/\"]}]},{\"@type\":\"BreadcrumbList\",\"@id\":\"https:\\\/\\\/www.supermonitoring.pl\\\/blogpl\\\/czarne-listy-google-rbl\\\/#breadcrumb\",\"itemListElement\":[{\"@type\":\"ListItem\",\"position\":1,\"name\":\"Strona g\u0142\u00f3wna\",\"item\":\"https:\\\/\\\/www.supermonitoring.pl\\\/blogpl\\\/\"},{\"@type\":\"ListItem\",\"position\":2,\"name\":\"Czy Twoja strona znajduje si\u0119 na czarnej li\u015bcie?\"}]},{\"@type\":\"WebSite\",\"@id\":\"https:\\\/\\\/www.supermonitoring.pl\\\/blogpl\\\/#website\",\"url\":\"https:\\\/\\\/www.supermonitoring.pl\\\/blogpl\\\/\",\"name\":\"Blog Super Monitoring\",\"description\":\"Narz\u0119dzia i zasoby dla ludzi Internetu \ud83d\udee0\ufe0f\",\"publisher\":{\"@id\":\"https:\\\/\\\/www.supermonitoring.pl\\\/blogpl\\\/#organization\"},\"potentialAction\":[{\"@type\":\"SearchAction\",\"target\":{\"@type\":\"EntryPoint\",\"urlTemplate\":\"https:\\\/\\\/www.supermonitoring.pl\\\/blogpl\\\/?s={search_term_string}\"},\"query-input\":{\"@type\":\"PropertyValueSpecification\",\"valueRequired\":true,\"valueName\":\"search_term_string\"}}],\"inLanguage\":\"pl-PL\"},{\"@type\":\"Organization\",\"@id\":\"https:\\\/\\\/www.supermonitoring.pl\\\/blogpl\\\/#organization\",\"name\":\"Super Monitoring\",\"url\":\"https:\\\/\\\/www.supermonitoring.pl\\\/blogpl\\\/\",\"logo\":{\"@type\":\"ImageObject\",\"inLanguage\":\"pl-PL\",\"@id\":\"https:\\\/\\\/www.supermonitoring.pl\\\/blogpl\\\/#\\\/schema\\\/logo\\\/image\\\/\",\"url\":\"https:\\\/\\\/super-monitoring.com\\\/blogpl\\\/wp-content\\\/uploads\\\/2020\\\/11\\\/supermonitoring-pionPL_400.png\",\"contentUrl\":\"https:\\\/\\\/super-monitoring.com\\\/blogpl\\\/wp-content\\\/uploads\\\/2020\\\/11\\\/supermonitoring-pionPL_400.png\",\"width\":400,\"height\":400,\"caption\":\"Super Monitoring\"},\"image\":{\"@id\":\"https:\\\/\\\/www.supermonitoring.pl\\\/blogpl\\\/#\\\/schema\\\/logo\\\/image\\\/\"},\"sameAs\":[\"https:\\\/\\\/www.facebook.com\\\/monitoring.stron\",\"https:\\\/\\\/x.com\\\/MonitoringStron\",\"https:\\\/\\\/www.linkedin.com\\\/showcase\\\/super-monitoring\\\/\"]}]}<\/script>\n<!-- \/ Yoast SEO plugin. -->","yoast_head_json":{"title":"Czy Twoja strona znajduje si\u0119 na czarnej li\u015bcie?","description":"Podaj adres strony i dowiedz si\u0119, czy znajduje si\u0119 na kt\u00f3rejkolwiek z list spamer\u00f3w RBL lub na czarnej li\u015bcie Google Safe Search.","robots":{"index":"index","follow":"follow","max-snippet":"max-snippet:-1","max-image-preview":"max-image-preview:large","max-video-preview":"max-video-preview:-1"},"canonical":"https:\/\/www.supermonitoring.pl\/blogpl\/czarne-listy-google-rbl\/","og_locale":"pl_PL","og_type":"article","og_title":"Czy Twoja strona znajduje si\u0119 na czarnej li\u015bcie?","og_description":"Podaj adres strony i dowiedz si\u0119, czy znajduje si\u0119 na kt\u00f3rejkolwiek z list spamer\u00f3w RBL lub na czarnej li\u015bcie Google Safe Search.","og_url":"https:\/\/www.supermonitoring.pl\/blogpl\/czarne-listy-google-rbl\/","og_site_name":"Blog Super Monitoring","article_publisher":"https:\/\/www.facebook.com\/monitoring.stron","article_modified_time":"2021-04-18T14:15:19+00:00","og_image":[{"width":1200,"height":628,"url":"https:\/\/super-monitoring.com\/blogpl\/wp-content\/uploads\/2022\/03\/supermonitoringPL1200x628.png","type":"image\/png"}],"twitter_card":"summary_large_image","twitter_site":"@MonitoringStron","twitter_misc":{"Szacowany czas czytania":"5 minut"},"schema":{"@context":"https:\/\/schema.org","@graph":[{"@type":"WebPage","@id":"https:\/\/www.supermonitoring.pl\/blogpl\/czarne-listy-google-rbl\/","url":"https:\/\/www.supermonitoring.pl\/blogpl\/czarne-listy-google-rbl\/","name":"Czy Twoja strona znajduje si\u0119 na czarnej li\u015bcie?","isPartOf":{"@id":"https:\/\/www.supermonitoring.pl\/blogpl\/#website"},"datePublished":"2021-02-17T21:38:15+00:00","dateModified":"2021-04-18T14:15:19+00:00","description":"Podaj adres strony i dowiedz si\u0119, czy znajduje si\u0119 na kt\u00f3rejkolwiek z list spamer\u00f3w RBL lub na czarnej li\u015bcie Google Safe Search.","breadcrumb":{"@id":"https:\/\/www.supermonitoring.pl\/blogpl\/czarne-listy-google-rbl\/#breadcrumb"},"inLanguage":"pl-PL","potentialAction":[{"@type":"ReadAction","target":["https:\/\/www.supermonitoring.pl\/blogpl\/czarne-listy-google-rbl\/"]}]},{"@type":"BreadcrumbList","@id":"https:\/\/www.supermonitoring.pl\/blogpl\/czarne-listy-google-rbl\/#breadcrumb","itemListElement":[{"@type":"ListItem","position":1,"name":"Strona g\u0142\u00f3wna","item":"https:\/\/www.supermonitoring.pl\/blogpl\/"},{"@type":"ListItem","position":2,"name":"Czy Twoja strona znajduje si\u0119 na czarnej li\u015bcie?"}]},{"@type":"WebSite","@id":"https:\/\/www.supermonitoring.pl\/blogpl\/#website","url":"https:\/\/www.supermonitoring.pl\/blogpl\/","name":"Blog Super Monitoring","description":"Narz\u0119dzia i zasoby dla ludzi Internetu \ud83d\udee0\ufe0f","publisher":{"@id":"https:\/\/www.supermonitoring.pl\/blogpl\/#organization"},"potentialAction":[{"@type":"SearchAction","target":{"@type":"EntryPoint","urlTemplate":"https:\/\/www.supermonitoring.pl\/blogpl\/?s={search_term_string}"},"query-input":{"@type":"PropertyValueSpecification","valueRequired":true,"valueName":"search_term_string"}}],"inLanguage":"pl-PL"},{"@type":"Organization","@id":"https:\/\/www.supermonitoring.pl\/blogpl\/#organization","name":"Super Monitoring","url":"https:\/\/www.supermonitoring.pl\/blogpl\/","logo":{"@type":"ImageObject","inLanguage":"pl-PL","@id":"https:\/\/www.supermonitoring.pl\/blogpl\/#\/schema\/logo\/image\/","url":"https:\/\/super-monitoring.com\/blogpl\/wp-content\/uploads\/2020\/11\/supermonitoring-pionPL_400.png","contentUrl":"https:\/\/super-monitoring.com\/blogpl\/wp-content\/uploads\/2020\/11\/supermonitoring-pionPL_400.png","width":400,"height":400,"caption":"Super Monitoring"},"image":{"@id":"https:\/\/www.supermonitoring.pl\/blogpl\/#\/schema\/logo\/image\/"},"sameAs":["https:\/\/www.facebook.com\/monitoring.stron","https:\/\/x.com\/MonitoringStron","https:\/\/www.linkedin.com\/showcase\/super-monitoring\/"]}]}},"_links":{"self":[{"href":"https:\/\/www.supermonitoring.pl\/blogpl\/wp-json\/wp\/v2\/pages\/4909","targetHints":{"allow":["GET"]}}],"collection":[{"href":"https:\/\/www.supermonitoring.pl\/blogpl\/wp-json\/wp\/v2\/pages"}],"about":[{"href":"https:\/\/www.supermonitoring.pl\/blogpl\/wp-json\/wp\/v2\/types\/page"}],"author":[{"embeddable":true,"href":"https:\/\/www.supermonitoring.pl\/blogpl\/wp-json\/wp\/v2\/users\/1"}],"replies":[{"embeddable":true,"href":"https:\/\/www.supermonitoring.pl\/blogpl\/wp-json\/wp\/v2\/comments?post=4909"}],"version-history":[{"count":4,"href":"https:\/\/www.supermonitoring.pl\/blogpl\/wp-json\/wp\/v2\/pages\/4909\/revisions"}],"predecessor-version":[{"id":5084,"href":"https:\/\/www.supermonitoring.pl\/blogpl\/wp-json\/wp\/v2\/pages\/4909\/revisions\/5084"}],"wp:attachment":[{"href":"https:\/\/www.supermonitoring.pl\/blogpl\/wp-json\/wp\/v2\/media?parent=4909"}],"curies":[{"name":"wp","href":"https:\/\/api.w.org\/{rel}","templated":true}]}}