{"id":4840,"date":"2021-01-28T13:55:18","date_gmt":"2021-01-28T11:55:18","guid":{"rendered":"https:\/\/www.supermonitoring.pl\/blogpl\/?page_id=4840"},"modified":"2023-04-02T16:26:10","modified_gmt":"2023-04-02T14:26:10","slug":"kto-hostuje-strone-internetowa","status":"publish","type":"page","link":"https:\/\/www.supermonitoring.pl\/blogpl\/kto-hostuje-strone-internetowa\/","title":{"rendered":"Sprawd\u017a, kto hostuje stron\u0119 internetow\u0105"},"content":{"rendered":"<p><script>\n  function resizeIframe(obj) {\n    obj.style.height = obj.contentWindow.document.body.scrollHeight + 'px';\n  }\n<\/script><\/p>\n<p id=\"top\">Podaj adres strony i dowiedz si\u0119, na serwerze kt\u00f3rego dostawcy hostingu jest utrzymywana.<\/p>\n<p><iframe src=\"\/mini-tools\/hosting.php?lang=pl\" scrolling=\"no\" style=\"width:100%;border:none;overflow:hidden;min-height:500px;\" onload=\"resizeIframe(this)\" name=\"iframe-http\" id=\"iframe-http\"><br \/>\n<\/iframe><\/p>\n<h2>Dlaczego warto sprawdzi\u0107, kto jest w\u0142a\u015bcicielem strony internetowej?<\/h2>\n<p>W dzisiejszych czasach cyfrowych, nie ma w\u0105tpliwo\u015bci, \u017ce prawie ka\u017cda firma i osoba prywatna ma swoj\u0105 stron\u0119 internetow\u0105. Bez wzgl\u0119du na to, czy jeste\u015b blogerem, przedsi\u0119biorc\u0105 czy kupuj\u0105cym online, pewnie odwiedzi\u0142e\u015b ju\u017c niezliczon\u0105 ilo\u015b\u0107 stron internetowych. Ale czy kiedykolwiek zastanawia\u0142e\u015b si\u0119 nad tym, kto jest w\u0142a\u015bcicielem strony, kt\u00f3r\u0105 odwiedzasz? Cho\u0107 mo\u017ce to wydawa\u0107 si\u0119 niewa\u017cnym szczeg\u00f3\u0142em, to w\u0142a\u015bnie poznanie w\u0142a\u015bciciela strony mo\u017ce mie\u0107 znaczenie z wielu powod\u00f3w. W tym artykule om\u00f3wimy, dlaczego warto sprawdzi\u0107, kto jest w\u0142a\u015bcicielem strony internetowej i jak to zrobi\u0107.<\/p>\n<h2>Co to jest hosting stron internetowych?<\/h2>\n<p>Zanim przejdziemy do powod\u00f3w dla kt\u00f3rych warto sprawdzi\u0107, kto jest w\u0142a\u015bcicielem strony internetowej, musimy najpierw zdefiniowa\u0107, co w\u0142a\u015bciwie oznacza <a href=\"\/blogpl\/jaki-hosting-dla-wordpressa\/\" target=\"_blank\" class=\"intlink\" rel=\"noopener\">hosting stron internetowych<\/a>. Hosting stron internetowych to proces przechowywania plik\u00f3w strony na serwerze i udost\u0119pniania ich u\u017cytkownikom internetu. Firma hostingowa to przedsi\u0119biorstwo, kt\u00f3re zapewnia te us\u0142ugi, alokuj\u0105c miejsce na serwerze do przechowywania plik\u00f3w strony i udost\u0119pniaj\u0105c je publicznie.<\/p>\n<p>W prostych s\u0142owach, hosting stron internetowych jest jak wynajem miejsca w internecie do przechowywania i udost\u0119pniania Twojej strony dla odwiedzaj\u0105cych. Dostawcy us\u0142ug hostingowych oferuj\u0105 wiele opcji hostingowych, w tym hosting wsp\u00f3\u0142dzielony, serwery wirtualne i dedykowane, z r\u00f3\u017cnymi funkcjami i kosztami.<\/p>\n<h2>Powody sprawdzania, kto jest w\u0142a\u015bcicielem strony internetowej<\/h2>\n<h3>Bezpiecze\u0144stwo<\/h3>\n<p>Jednym z najwa\u017cniejszych powod\u00f3w sprawdzenia, kto jest w\u0142a\u015bcicielem strony internetowej, jest zapewnienie swojego w\u0142asnego bezpiecze\u0144stwa. Je\u015bli odwiedzasz stron\u0119, kt\u00f3ra wymaga podania danych osobowych, takich jak imi\u0119, adres e-mail lub szczeg\u00f3\u0142y karty kredytowej, wa\u017cne jest, aby wiedzie\u0107, czy strona jest hostowana przez solidnego dostawc\u0119. Niekt\u00f3rzy dostawcy hostingu maj\u0105 lepsze \u015brodki bezpiecze\u0144stwa ni\u017c inni, wi\u0119c sprawdzenie dostawcy hostingu mo\u017ce da\u0107 Ci poj\u0119cie o bezpiecze\u0144stwie strony.<\/p>\n<h3>Rozwi\u0105zywanie problem\u00f3w technicznych<\/h3>\n<p>Je\u015bli masz problemy z dost\u0119pem do strony internetowej, znajomo\u015b\u0107 w\u0142a\u015bciciela strony mo\u017ce pom\u00f3c w rozwi\u0105zywaniu problem\u00f3w. W niekt\u00f3rych przypadkach problem mo\u017ce by\u0107 zwi\u0105zany z dostawc\u0105 hostingu lub serwerem, wi\u0119c skontaktowanie si\u0119 z dostawc\u0105 hostingu mo\u017ce pom\u00f3c Ci dotrze\u0107 do sedna problemu.<\/p>\n<h3>Analiza konkurencji<\/h3>\n<p>Je\u015bli dzia\u0142asz w konkurencyjnej bran\u017cy, sprawdzenie, kto jest w\u0142a\u015bcicielem stron internetowych Twoich konkurent\u00f3w, mo\u017ce da\u0107 Ci wgl\u0105d w ich dostawc\u0119 hostingu i potencjalnie da\u0107 Ci przewag\u0119 w zrozumieniu ich strategii online.<\/p>\n<h3>Badania biznesowe<\/h3>\n<p>Je\u015bli rozwa\u017casz wsp\u00f3\u0142prac\u0119 z biznesem lub prac\u0119 z dostawc\u0105, sprawdzenie, kto jest w\u0142a\u015bcicielem jego strony internetowej, mo\u017ce da\u0107 Ci poj\u0119cie o ich obecno\u015bci w Internecie i o tym, jak powa\u017cnie podchodz\u0105 do swoich dzia\u0142a\u0144 online.<\/p>\n<p>Podsumowuj\u0105c, sprawdzenie, kto jest w\u0142a\u015bcicielem strony internetowej, mo\u017ce dostarczy\u0107 warto\u015bciowych informacji, kt\u00f3re pomog\u0105 Ci podejmowa\u0107 \u015bwiadome decyzje dotycz\u0105ce Twoich dzia\u0142a\u0144 online, od bezpiecze\u0144stwa do wsp\u00f3\u0142pracy biznesowej.<\/p>\n<h2>Jak sprawdzi\u0107, kto jest w\u0142a\u015bcicielem strony internetowej?<\/h2>\n<h3>Korzystanie z narz\u0119dzi internetowych<\/h3>\n<p>Istnieje wiele narz\u0119dzi internetowych, kt\u00f3re pomog\u0105 Ci zidentyfikowa\u0107, kto jest w\u0142a\u015bcicielem strony internetowej. Jednym z takich narz\u0119dzi jest WHOIS, kt\u00f3re umo\u017cliwia wyszukanie nazwy domeny i uzyskanie informacji o rejestratorze domen i dostawcy hostingu. Innym narz\u0119dziem jest nasz <a href=\"#top\">wy\u017cej wymieniony sprawdzacz<\/a>.<\/p>\n<h3>Sprawdzanie rekord\u00f3w DNS<\/h3>\n<p>Innym sposobem na sprawdzenie, kto jest w\u0142a\u015bcicielem strony internetowej, jest <a href=\"\/blogpl\/wpisy-dns\/\" target=\"_blank\" class=\"intlink\" rel=\"noopener\">sprawdzenie rekord\u00f3w systemu nazw domenowych (DNS)<\/a>. Rekordy DNS s\u0105 jak ksi\u0105\u017cka telefoniczna dla Internetu, dostarczaj\u0105c informacje o adresie IP serwera, na kt\u00f3rym jest hostowana strona internetowa. Poprzez wyszukiwanie rekord\u00f3w DNS dla nazwy domeny, mo\u017cna dowiedzie\u0107 si\u0119, kto jest w\u0142a\u015bcicielem strony internetowej.<\/p>\n<h3>Kontakt z w\u0142a\u015bcicielem strony internetowej<\/h3>\n<p>Je\u015bli wszystko inne zawiedzie, mo\u017cna spr\u00f3bowa\u0107 skontaktowa\u0107 si\u0119 bezpo\u015brednio z w\u0142a\u015bcicielem strony internetowej i zapyta\u0107, kto jest jej dostawc\u0105 hostingu. Mo\u017cna to zrobi\u0107, korzystaj\u0105c z informacji kontaktowych podanych na stronie internetowej lub wyszukuj\u0105c informacji o w\u0142a\u015bcicielu domeny za pomoc\u0105 WHOIS lub innego narz\u0119dzia do wyszukiwania domen.<\/p>\n<p>Podsumowuj\u0105c, istnieje wiele sposob\u00f3w, aby sprawdzi\u0107, kto jest w\u0142a\u015bcicielem strony internetowej, od narz\u0119dzi internetowych do bezpo\u015bredniej komunikacji z w\u0142a\u015bcicielem strony internetowej. Wiedza, kto jest w\u0142a\u015bcicielem strony internetowej, mo\u017ce dostarczy\u0107 cennych informacji, kt\u00f3re pomog\u0105 podejmowa\u0107 \u015bwiadome decyzje dotycz\u0105ce dzia\u0142a\u0144 online.<\/p>\n<h2>Podsumowanie<\/h2>\n<p>Podsumowuj\u0105c, sprawdzenie, kto jest gospodarzem strony internetowej, mo\u017ce wydawa\u0107 si\u0119 drobnostk\u0105, ale w rzeczywisto\u015bci mo\u017ce dostarczy\u0107 cenne informacje, kt\u00f3re pomog\u0105 podejmowa\u0107 \u015bwiadome decyzje dotycz\u0105ce aktywno\u015bci online. Niezale\u017cnie od tego, czy chodzi o bezpiecze\u0144stwo, rozwi\u0105zywanie problem\u00f3w technicznych, analiz\u0119 konkurencji czy badanie potencjalnych partner\u00f3w biznesowych, poznaj\u0105c, kto jest gospodarzem strony internetowej, mo\u017cesz pozna\u0107 informacje na temat ich obecno\u015bci i dzia\u0142a\u0144 online.<\/p>\n<p>Korzystaj\u0105c z narz\u0119dzi online, sprawdzaj\u0105c rekordy DNS lub kontaktuj\u0105c si\u0119 bezpo\u015brednio z w\u0142a\u015bcicielem strony internetowej, mo\u017cesz \u0142atwo dowiedzie\u0107 si\u0119, kto jest gospodarzem strony internetowej. Wi\u0119c nast\u0119pnym razem, gdy odwiedzisz stron\u0119 internetow\u0105, po\u015bwi\u0119\u0107 chwil\u0119, aby sprawdzi\u0107, kto jest jej gospodarzem i zobacz, jakie informacje mo\u017cesz uzyska\u0107.<\/p>\n<p>Mamy nadziej\u0119, \u017ce ten artyku\u0142 by\u0142 pomocny w wyja\u015bnieniu, dlaczego warto sprawdza\u0107, kto jest gospodarzem strony internetowej, oraz jak to zrobi\u0107.<\/p>\n","protected":false},"excerpt":{"rendered":"<p>Podaj adres strony i dowiedz si\u0119, na serwerze kt\u00f3rego dostawcy hostingu jest utrzymywana. Dlaczego warto sprawdzi\u0107, kto jest w\u0142a\u015bcicielem strony internetowej? W dzisiejszych czasach cyfrowych, nie ma w\u0105tpliwo\u015bci, \u017ce prawie ka\u017cda firma i osoba prywatna ma swoj\u0105 stron\u0119 internetow\u0105. Bez wzgl\u0119du na to, czy jeste\u015b blogerem, przedsi\u0119biorc\u0105 czy kupuj\u0105cym online, pewnie odwiedzi\u0142e\u015b ju\u017c niezliczon\u0105 ilo\u015b\u0107 [&hellip;]<\/p>\n","protected":false},"author":1,"featured_media":0,"parent":0,"menu_order":0,"comment_status":"closed","ping_status":"closed","template":"","meta":{"footnotes":""},"class_list":["post-4840","page","type-page","status-publish","hentry"],"yoast_head":"<!-- This site is optimized with the Yoast SEO plugin v27.3 - https:\/\/yoast.com\/product\/yoast-seo-wordpress\/ -->\n<title>Sprawd\u017a, kto hostuje stron\u0119 internetow\u0105<\/title>\n<meta name=\"description\" content=\"Podaj adres strony i dowiedz si\u0119, na serwerze kt\u00f3rego dostawcy hostingu jest utrzymywana.\" \/>\n<meta name=\"robots\" content=\"index, follow, max-snippet:-1, max-image-preview:large, max-video-preview:-1\" \/>\n<link rel=\"canonical\" href=\"https:\/\/www.supermonitoring.pl\/blogpl\/kto-hostuje-strone-internetowa\/\" \/>\n<meta property=\"og:locale\" content=\"pl_PL\" \/>\n<meta property=\"og:type\" content=\"article\" \/>\n<meta property=\"og:title\" content=\"Sprawd\u017a, kto hostuje stron\u0119 internetow\u0105\" \/>\n<meta property=\"og:description\" content=\"Podaj adres strony i dowiedz si\u0119, na serwerze kt\u00f3rego dostawcy hostingu jest utrzymywana.\" \/>\n<meta property=\"og:url\" content=\"https:\/\/www.supermonitoring.pl\/blogpl\/kto-hostuje-strone-internetowa\/\" \/>\n<meta property=\"og:site_name\" content=\"Blog Super Monitoring\" \/>\n<meta property=\"article:publisher\" content=\"https:\/\/www.facebook.com\/monitoring.stron\" \/>\n<meta property=\"article:modified_time\" content=\"2023-04-02T14:26:10+00:00\" \/>\n<meta property=\"og:image\" content=\"https:\/\/super-monitoring.com\/blogpl\/wp-content\/uploads\/2022\/03\/supermonitoringPL1200x628.png\" \/>\n\t<meta property=\"og:image:width\" content=\"1200\" \/>\n\t<meta property=\"og:image:height\" content=\"628\" \/>\n\t<meta property=\"og:image:type\" content=\"image\/png\" \/>\n<meta name=\"twitter:card\" content=\"summary_large_image\" \/>\n<meta name=\"twitter:site\" content=\"@MonitoringStron\" \/>\n<meta name=\"twitter:label1\" content=\"Szacowany czas czytania\" \/>\n\t<meta name=\"twitter:data1\" content=\"5 minut\" \/>\n<script type=\"application\/ld+json\" class=\"yoast-schema-graph\">{\"@context\":\"https:\\\/\\\/schema.org\",\"@graph\":[{\"@type\":\"WebPage\",\"@id\":\"https:\\\/\\\/www.supermonitoring.pl\\\/blogpl\\\/kto-hostuje-strone-internetowa\\\/\",\"url\":\"https:\\\/\\\/www.supermonitoring.pl\\\/blogpl\\\/kto-hostuje-strone-internetowa\\\/\",\"name\":\"Sprawd\u017a, kto hostuje stron\u0119 internetow\u0105\",\"isPartOf\":{\"@id\":\"https:\\\/\\\/www.supermonitoring.pl\\\/blogpl\\\/#website\"},\"datePublished\":\"2021-01-28T11:55:18+00:00\",\"dateModified\":\"2023-04-02T14:26:10+00:00\",\"description\":\"Podaj adres strony i dowiedz si\u0119, na serwerze kt\u00f3rego dostawcy hostingu jest utrzymywana.\",\"breadcrumb\":{\"@id\":\"https:\\\/\\\/www.supermonitoring.pl\\\/blogpl\\\/kto-hostuje-strone-internetowa\\\/#breadcrumb\"},\"inLanguage\":\"pl-PL\",\"potentialAction\":[{\"@type\":\"ReadAction\",\"target\":[\"https:\\\/\\\/www.supermonitoring.pl\\\/blogpl\\\/kto-hostuje-strone-internetowa\\\/\"]}]},{\"@type\":\"BreadcrumbList\",\"@id\":\"https:\\\/\\\/www.supermonitoring.pl\\\/blogpl\\\/kto-hostuje-strone-internetowa\\\/#breadcrumb\",\"itemListElement\":[{\"@type\":\"ListItem\",\"position\":1,\"name\":\"Strona g\u0142\u00f3wna\",\"item\":\"https:\\\/\\\/www.supermonitoring.pl\\\/blogpl\\\/\"},{\"@type\":\"ListItem\",\"position\":2,\"name\":\"Sprawd\u017a, kto hostuje stron\u0119 internetow\u0105\"}]},{\"@type\":\"WebSite\",\"@id\":\"https:\\\/\\\/www.supermonitoring.pl\\\/blogpl\\\/#website\",\"url\":\"https:\\\/\\\/www.supermonitoring.pl\\\/blogpl\\\/\",\"name\":\"Blog Super Monitoring\",\"description\":\"Narz\u0119dzia i zasoby dla ludzi Internetu \ud83d\udee0\ufe0f\",\"publisher\":{\"@id\":\"https:\\\/\\\/www.supermonitoring.pl\\\/blogpl\\\/#organization\"},\"potentialAction\":[{\"@type\":\"SearchAction\",\"target\":{\"@type\":\"EntryPoint\",\"urlTemplate\":\"https:\\\/\\\/www.supermonitoring.pl\\\/blogpl\\\/?s={search_term_string}\"},\"query-input\":{\"@type\":\"PropertyValueSpecification\",\"valueRequired\":true,\"valueName\":\"search_term_string\"}}],\"inLanguage\":\"pl-PL\"},{\"@type\":\"Organization\",\"@id\":\"https:\\\/\\\/www.supermonitoring.pl\\\/blogpl\\\/#organization\",\"name\":\"Super Monitoring\",\"url\":\"https:\\\/\\\/www.supermonitoring.pl\\\/blogpl\\\/\",\"logo\":{\"@type\":\"ImageObject\",\"inLanguage\":\"pl-PL\",\"@id\":\"https:\\\/\\\/www.supermonitoring.pl\\\/blogpl\\\/#\\\/schema\\\/logo\\\/image\\\/\",\"url\":\"https:\\\/\\\/super-monitoring.com\\\/blogpl\\\/wp-content\\\/uploads\\\/2020\\\/11\\\/supermonitoring-pionPL_400.png\",\"contentUrl\":\"https:\\\/\\\/super-monitoring.com\\\/blogpl\\\/wp-content\\\/uploads\\\/2020\\\/11\\\/supermonitoring-pionPL_400.png\",\"width\":400,\"height\":400,\"caption\":\"Super Monitoring\"},\"image\":{\"@id\":\"https:\\\/\\\/www.supermonitoring.pl\\\/blogpl\\\/#\\\/schema\\\/logo\\\/image\\\/\"},\"sameAs\":[\"https:\\\/\\\/www.facebook.com\\\/monitoring.stron\",\"https:\\\/\\\/x.com\\\/MonitoringStron\",\"https:\\\/\\\/www.linkedin.com\\\/showcase\\\/super-monitoring\\\/\"]}]}<\/script>\n<!-- \/ Yoast SEO plugin. -->","yoast_head_json":{"title":"Sprawd\u017a, kto hostuje stron\u0119 internetow\u0105","description":"Podaj adres strony i dowiedz si\u0119, na serwerze kt\u00f3rego dostawcy hostingu jest utrzymywana.","robots":{"index":"index","follow":"follow","max-snippet":"max-snippet:-1","max-image-preview":"max-image-preview:large","max-video-preview":"max-video-preview:-1"},"canonical":"https:\/\/www.supermonitoring.pl\/blogpl\/kto-hostuje-strone-internetowa\/","og_locale":"pl_PL","og_type":"article","og_title":"Sprawd\u017a, kto hostuje stron\u0119 internetow\u0105","og_description":"Podaj adres strony i dowiedz si\u0119, na serwerze kt\u00f3rego dostawcy hostingu jest utrzymywana.","og_url":"https:\/\/www.supermonitoring.pl\/blogpl\/kto-hostuje-strone-internetowa\/","og_site_name":"Blog Super Monitoring","article_publisher":"https:\/\/www.facebook.com\/monitoring.stron","article_modified_time":"2023-04-02T14:26:10+00:00","og_image":[{"width":1200,"height":628,"url":"https:\/\/super-monitoring.com\/blogpl\/wp-content\/uploads\/2022\/03\/supermonitoringPL1200x628.png","type":"image\/png"}],"twitter_card":"summary_large_image","twitter_site":"@MonitoringStron","twitter_misc":{"Szacowany czas czytania":"5 minut"},"schema":{"@context":"https:\/\/schema.org","@graph":[{"@type":"WebPage","@id":"https:\/\/www.supermonitoring.pl\/blogpl\/kto-hostuje-strone-internetowa\/","url":"https:\/\/www.supermonitoring.pl\/blogpl\/kto-hostuje-strone-internetowa\/","name":"Sprawd\u017a, kto hostuje stron\u0119 internetow\u0105","isPartOf":{"@id":"https:\/\/www.supermonitoring.pl\/blogpl\/#website"},"datePublished":"2021-01-28T11:55:18+00:00","dateModified":"2023-04-02T14:26:10+00:00","description":"Podaj adres strony i dowiedz si\u0119, na serwerze kt\u00f3rego dostawcy hostingu jest utrzymywana.","breadcrumb":{"@id":"https:\/\/www.supermonitoring.pl\/blogpl\/kto-hostuje-strone-internetowa\/#breadcrumb"},"inLanguage":"pl-PL","potentialAction":[{"@type":"ReadAction","target":["https:\/\/www.supermonitoring.pl\/blogpl\/kto-hostuje-strone-internetowa\/"]}]},{"@type":"BreadcrumbList","@id":"https:\/\/www.supermonitoring.pl\/blogpl\/kto-hostuje-strone-internetowa\/#breadcrumb","itemListElement":[{"@type":"ListItem","position":1,"name":"Strona g\u0142\u00f3wna","item":"https:\/\/www.supermonitoring.pl\/blogpl\/"},{"@type":"ListItem","position":2,"name":"Sprawd\u017a, kto hostuje stron\u0119 internetow\u0105"}]},{"@type":"WebSite","@id":"https:\/\/www.supermonitoring.pl\/blogpl\/#website","url":"https:\/\/www.supermonitoring.pl\/blogpl\/","name":"Blog Super Monitoring","description":"Narz\u0119dzia i zasoby dla ludzi Internetu \ud83d\udee0\ufe0f","publisher":{"@id":"https:\/\/www.supermonitoring.pl\/blogpl\/#organization"},"potentialAction":[{"@type":"SearchAction","target":{"@type":"EntryPoint","urlTemplate":"https:\/\/www.supermonitoring.pl\/blogpl\/?s={search_term_string}"},"query-input":{"@type":"PropertyValueSpecification","valueRequired":true,"valueName":"search_term_string"}}],"inLanguage":"pl-PL"},{"@type":"Organization","@id":"https:\/\/www.supermonitoring.pl\/blogpl\/#organization","name":"Super Monitoring","url":"https:\/\/www.supermonitoring.pl\/blogpl\/","logo":{"@type":"ImageObject","inLanguage":"pl-PL","@id":"https:\/\/www.supermonitoring.pl\/blogpl\/#\/schema\/logo\/image\/","url":"https:\/\/super-monitoring.com\/blogpl\/wp-content\/uploads\/2020\/11\/supermonitoring-pionPL_400.png","contentUrl":"https:\/\/super-monitoring.com\/blogpl\/wp-content\/uploads\/2020\/11\/supermonitoring-pionPL_400.png","width":400,"height":400,"caption":"Super Monitoring"},"image":{"@id":"https:\/\/www.supermonitoring.pl\/blogpl\/#\/schema\/logo\/image\/"},"sameAs":["https:\/\/www.facebook.com\/monitoring.stron","https:\/\/x.com\/MonitoringStron","https:\/\/www.linkedin.com\/showcase\/super-monitoring\/"]}]}},"_links":{"self":[{"href":"https:\/\/www.supermonitoring.pl\/blogpl\/wp-json\/wp\/v2\/pages\/4840","targetHints":{"allow":["GET"]}}],"collection":[{"href":"https:\/\/www.supermonitoring.pl\/blogpl\/wp-json\/wp\/v2\/pages"}],"about":[{"href":"https:\/\/www.supermonitoring.pl\/blogpl\/wp-json\/wp\/v2\/types\/page"}],"author":[{"embeddable":true,"href":"https:\/\/www.supermonitoring.pl\/blogpl\/wp-json\/wp\/v2\/users\/1"}],"replies":[{"embeddable":true,"href":"https:\/\/www.supermonitoring.pl\/blogpl\/wp-json\/wp\/v2\/comments?post=4840"}],"version-history":[{"count":4,"href":"https:\/\/www.supermonitoring.pl\/blogpl\/wp-json\/wp\/v2\/pages\/4840\/revisions"}],"predecessor-version":[{"id":6996,"href":"https:\/\/www.supermonitoring.pl\/blogpl\/wp-json\/wp\/v2\/pages\/4840\/revisions\/6996"}],"wp:attachment":[{"href":"https:\/\/www.supermonitoring.pl\/blogpl\/wp-json\/wp\/v2\/media?parent=4840"}],"curies":[{"name":"wp","href":"https:\/\/api.w.org\/{rel}","templated":true}]}}