{"id":4836,"date":"2021-01-28T13:52:19","date_gmt":"2021-01-28T11:52:19","guid":{"rendered":"https:\/\/www.supermonitoring.pl\/blogpl\/?page_id=4836"},"modified":"2021-04-18T16:15:55","modified_gmt":"2021-04-18T14:15:55","slug":"wygasanie-certyfikatu-ssl","status":"publish","type":"page","link":"https:\/\/www.supermonitoring.pl\/blogpl\/wygasanie-certyfikatu-ssl\/","title":{"rendered":"Kiedy wygasa certyfikat SSL Twojej strony?"},"content":{"rendered":"<p><script>\n  function resizeIframe(obj) {\n    obj.style.height = obj.contentWindow.document.body.scrollHeight + 'px';\n  }\n<\/script><\/p>\n<p>Podaj adres strony i sprawd\u017a zainstalowany na niej certyfikat SSL &#8211; kiedy zosta\u0142 wydany i przez kogo oraz kiedy wygasa.<\/p>\n<p><iframe src=\"\/mini-tools\/certificate.php?lang=pl\" scrolling=\"no\" style=\"width:100%;border:none;overflow:hidden;min-height:500px;\" onload=\"resizeIframe(this)\" name=\"iframe-http\" id=\"iframe-http\"><br \/>\n<\/iframe><\/p>\n<h2>Certyfikaty SSL<\/h2>\n<p>Przegl\u0105danie Internetu, cho\u0107 niezwykle u\u017cyteczne, jest cz\u0119sto obci\u0105\u017cone ryzykiem. Istnieje wiele stron wy\u0142udzaj\u0105cych dane, kt\u00f3re hakerzy i cyfrowi z\u0142odzieje wykorzystuj\u0105 do kradzie\u017cy prywatnych informacji u\u017cytkownik\u00f3w. Aby nie pa\u015b\u0107 ofiar\u0105 takich zagro\u017ce\u0144 internetowych, warto zwr\u00f3ci\u0107 uwag\u0119 na bezpiecze\u0144stwo ka\u017cdej strony internetowej.<\/p>\n<p>Najprostsz\u0105 metod\u0105, aby sprawdzi\u0107, czy odwiedzenie danej strony internetowej i dokonanie transakcji jest bezpieczne, jest sprawdzenie, czy jej adres URL zaczyna si\u0119 od http lub https. Strony internetowe, kt\u00f3re zaczynaj\u0105 si\u0119 od HTTPS s\u0105 bezpieczne, poniewa\u017c dane, kt\u00f3re wysy\u0142aj\u0105 i otrzymuj\u0105 s\u0105 szyfrowane za pomoc\u0105 protoko\u0142u TLS. Strony HTTPS s\u0105 zabezpieczone za pomoc\u0105 certyfikat\u00f3w SSL.<\/p>\n<h2>Co to s\u0105 certyfikaty SSL?<\/h2>\n<p>Certyfikaty SSL, inaczej zwane TLS, s\u0142u\u017c\u0105 do szyfrowania ruchu na stronie internetowej i weryfikacji to\u017csamo\u015bci serwera. S\u0105 to niewielkie pliki danych zawieraj\u0105ce klucz publiczny strony, jej to\u017csamo\u015b\u0107 i inne powi\u0105zane informacje. Certyfikat SSL dla danej strony internetowej jest umieszczony na serwerze, kt\u00f3ry hostuje dan\u0105 stron\u0119, a klienci, kt\u00f3rzy chc\u0105 komunikowa\u0107 si\u0119 z takimi stronami, odwo\u0142uj\u0105 si\u0119 do tego pliku, aby uzyska\u0107 klucz publiczny i zweryfikowa\u0107 to\u017csamo\u015b\u0107 serwera.<\/p>\n<p>Zazwyczaj certyfikat SSL zawiera <a href=\"\/blogpl\/domena-internetowa-whois\/\" class=\"intlink\">nazw\u0119 domeny<\/a>, dat\u0119 wydania i wyga\u015bni\u0119cia, klucz publiczny, subdomeny, organ wydaj\u0105cy i podpis. Klucz prywatny jest tajny, poniewa\u017c ma on podstawowe znaczenie i jest podatny na nadu\u017cycia.<\/p>\n<h2>Co si\u0119 stanie, je\u015bli zapomn\u0119 przed\u0142u\u017cy\u0107 certyfikat SSL i utraci on wa\u017cno\u015b\u0107?<\/h2>\n<p>Daty wyga\u015bni\u0119cia certyfikatu SSL s\u0105 zakodowane w samym certyfikacie. Jest to niezwykle wa\u017cne, aby monitorowa\u0107 i nie przegapi\u0107 daty wyga\u015bni\u0119cia, poniewa\u017c brak odnowienia certyfikatu SSL mo\u017ce spowodowa\u0107, \u017ce strona zostanie oznaczona jako &#8220;niezabezpieczona&#8221;. Kiedy to si\u0119 stanie, naturalnie powoduje to ogromny spadek zaufania odwiedzaj\u0105cych i straty w biznesie.<\/p>\n<h2>Jak unikn\u0105\u0107 problem\u00f3w z wyga\u015bni\u0119ciem certyfikatu?<\/h2>\n<p>Chocia\u017c podstawow\u0105 metod\u0105 jest pilnowanie swoich danych, uwa\u017camy, \u017ce istniej\u0105 inne aspekty, o kt\u00f3rych nale\u017cy pami\u0119ta\u0107. Na pocz\u0105tek, pozb\u0105d\u017a si\u0119 r\u0119cznych arkuszy kalkulacyjnych; nawet jeden zapomniany wpis mo\u017ce przysporzy\u0107 Ci k\u0142opot\u00f3w. Po drugie, regularnie sprawdzaj portal zarz\u0105dzania certyfikatami urz\u0119du certyfikacji (CA), aby nie zapomnie\u0107 o zmianach polityki i aktualizacjach, kt\u00f3re mog\u0105 wp\u0142yn\u0105\u0107 na czas wa\u017cno\u015bci certyfikatu. Ustawienie przypomnie\u0144 e-mailowych mo\u017ce skutecznie przypomnie\u0107 Ci o tym w por\u0119.<\/p>\n<h2>Jak sprawdzi\u0107 certyfikat SSL strony internetowej?<\/h2>\n<p>Przedstawiamy kroki, dzi\u0119ki kt\u00f3rym sprawdzisz certyfikaty SSL w najnowszych wersjach najcz\u0119\u015bciej u\u017cywanych przegl\u0105darek:<\/p>\n<h3>Google Chrome<\/h3>\n<p>Komputer: Kliknij k\u0142\u00f3dk\u0119 w obszarze URL, co spowoduje otwarcie rozwijanego okna. Nast\u0119pnie kliknij opcj\u0119 &#8220;Wa\u017cny&#8221; w sekcji Certyfikat.<br \/>\nTelefon: Kliknij ikon\u0119 k\u0142\u00f3dki, a nast\u0119pnie kliknij &#8220;Szczeg\u00f3\u0142y&#8221; z rozwijanego okna.<\/p>\n<p><em>Uwaga: Je\u015bli chodzi o urz\u0105dzenia z systemem iOS, szczeg\u00f3\u0142y dost\u0119pne po klikni\u0119ciu ikony k\u0142\u00f3dki w Chrome s\u0105 do\u015b\u0107 ograniczone w por\u00f3wnaniu z Androidem.<\/em><\/p>\n<h3>Firefox<\/h3>\n<p>Komputer: Klikni\u0119cie k\u0142\u00f3dki na pasku URL powoduje wy\u015bwietlenie podstawowego rozwijanego menu. Kliknij strza\u0142k\u0119 po prawej stronie menu, aby zobaczy\u0107 wi\u0119cej informacji o certyfikacie.<\/p>\n<h3>Internet Explorer<\/h3>\n<p>Komputer: Klikni\u0119cie k\u0142\u00f3dki powoduje wy\u015bwietlenie informacji o wystawiaj\u0105cym certyfikat CA oraz dotycz\u0105cych szyfrowania serwera. Klikni\u0119cie przycisku &#8220;Wy\u015bwietl certyfikaty&#8221; w dolnej cz\u0119\u015bci menu podr\u0119cznego spowoduje wy\u015bwietlenie wi\u0119kszej ilo\u015bci szczeg\u00f3\u0142\u00f3w.<\/p>\n<h3>Safari<\/h3>\n<p>Komputer: Kliknij na k\u0142\u00f3dk\u0119, a nast\u0119pnie kliknij przycisk &#8220;Poka\u017c certyfikat&#8221;, aby wy\u015bwietli\u0107 wi\u0119cej szczeg\u00f3\u0142\u00f3w, je\u015bli nie wystarcz\u0105 kr\u00f3tkie informacje obecne na ekranie.<\/p>\n<p><em>Uwaga: Niestety, przegl\u0105darka Safari na iOS nie pokazuje szczeg\u00f3\u0142\u00f3w certyfikatu w takim stopniu, jak Chrome na iOS.<\/em><\/p>\n","protected":false},"excerpt":{"rendered":"<p>Podaj adres strony i sprawd\u017a zainstalowany na niej certyfikat SSL &#8211; kiedy zosta\u0142 wydany i przez kogo oraz kiedy wygasa. Certyfikaty SSL Przegl\u0105danie Internetu, cho\u0107 niezwykle u\u017cyteczne, jest cz\u0119sto obci\u0105\u017cone ryzykiem. Istnieje wiele stron wy\u0142udzaj\u0105cych dane, kt\u00f3re hakerzy i cyfrowi z\u0142odzieje wykorzystuj\u0105 do kradzie\u017cy prywatnych informacji u\u017cytkownik\u00f3w. Aby nie pa\u015b\u0107 ofiar\u0105 takich zagro\u017ce\u0144 internetowych, warto [&hellip;]<\/p>\n","protected":false},"author":1,"featured_media":0,"parent":0,"menu_order":0,"comment_status":"closed","ping_status":"closed","template":"","meta":{"footnotes":""},"class_list":["post-4836","page","type-page","status-publish","hentry"],"yoast_head":"<!-- This site is optimized with the Yoast SEO plugin v27.3 - https:\/\/yoast.com\/product\/yoast-seo-wordpress\/ -->\n<title>Sprawd\u017a, kiedy wygasa certyfikat SSL strony internetowej ?<\/title>\n<meta name=\"description\" content=\"Podaj adres strony i sprawd\u017a zainstalowany na niej certyfikat SSL - kiedy zosta\u0142 wydany i przez kogo oraz kiedy wygasa.\" \/>\n<meta name=\"robots\" content=\"index, follow, max-snippet:-1, max-image-preview:large, max-video-preview:-1\" \/>\n<link rel=\"canonical\" href=\"https:\/\/www.supermonitoring.pl\/blogpl\/wygasanie-certyfikatu-ssl\/\" \/>\n<meta property=\"og:locale\" content=\"pl_PL\" \/>\n<meta property=\"og:type\" content=\"article\" \/>\n<meta property=\"og:title\" content=\"Sprawd\u017a, kiedy wygasa certyfikat SSL strony internetowej ?\" \/>\n<meta property=\"og:description\" content=\"Podaj adres strony i sprawd\u017a zainstalowany na niej certyfikat SSL - kiedy zosta\u0142 wydany i przez kogo oraz kiedy wygasa.\" \/>\n<meta property=\"og:url\" content=\"https:\/\/www.supermonitoring.pl\/blogpl\/wygasanie-certyfikatu-ssl\/\" \/>\n<meta property=\"og:site_name\" content=\"Blog Super Monitoring\" \/>\n<meta property=\"article:publisher\" content=\"https:\/\/www.facebook.com\/monitoring.stron\" \/>\n<meta property=\"article:modified_time\" content=\"2021-04-18T14:15:55+00:00\" \/>\n<meta property=\"og:image\" content=\"https:\/\/super-monitoring.com\/blogpl\/wp-content\/uploads\/2022\/03\/supermonitoringPL1200x628.png\" \/>\n\t<meta property=\"og:image:width\" content=\"1200\" \/>\n\t<meta property=\"og:image:height\" content=\"628\" \/>\n\t<meta property=\"og:image:type\" content=\"image\/png\" \/>\n<meta name=\"twitter:card\" content=\"summary_large_image\" \/>\n<meta name=\"twitter:site\" content=\"@MonitoringStron\" \/>\n<meta name=\"twitter:label1\" content=\"Szacowany czas czytania\" \/>\n\t<meta name=\"twitter:data1\" content=\"3 minuty\" \/>\n<script type=\"application\/ld+json\" class=\"yoast-schema-graph\">{\"@context\":\"https:\\\/\\\/schema.org\",\"@graph\":[{\"@type\":\"WebPage\",\"@id\":\"https:\\\/\\\/www.supermonitoring.pl\\\/blogpl\\\/wygasanie-certyfikatu-ssl\\\/\",\"url\":\"https:\\\/\\\/www.supermonitoring.pl\\\/blogpl\\\/wygasanie-certyfikatu-ssl\\\/\",\"name\":\"Sprawd\u017a, kiedy wygasa certyfikat SSL strony internetowej ?\",\"isPartOf\":{\"@id\":\"https:\\\/\\\/www.supermonitoring.pl\\\/blogpl\\\/#website\"},\"datePublished\":\"2021-01-28T11:52:19+00:00\",\"dateModified\":\"2021-04-18T14:15:55+00:00\",\"description\":\"Podaj adres strony i sprawd\u017a zainstalowany na niej certyfikat SSL - kiedy zosta\u0142 wydany i przez kogo oraz kiedy wygasa.\",\"breadcrumb\":{\"@id\":\"https:\\\/\\\/www.supermonitoring.pl\\\/blogpl\\\/wygasanie-certyfikatu-ssl\\\/#breadcrumb\"},\"inLanguage\":\"pl-PL\",\"potentialAction\":[{\"@type\":\"ReadAction\",\"target\":[\"https:\\\/\\\/www.supermonitoring.pl\\\/blogpl\\\/wygasanie-certyfikatu-ssl\\\/\"]}]},{\"@type\":\"BreadcrumbList\",\"@id\":\"https:\\\/\\\/www.supermonitoring.pl\\\/blogpl\\\/wygasanie-certyfikatu-ssl\\\/#breadcrumb\",\"itemListElement\":[{\"@type\":\"ListItem\",\"position\":1,\"name\":\"Strona g\u0142\u00f3wna\",\"item\":\"https:\\\/\\\/www.supermonitoring.pl\\\/blogpl\\\/\"},{\"@type\":\"ListItem\",\"position\":2,\"name\":\"Kiedy wygasa certyfikat SSL Twojej strony?\"}]},{\"@type\":\"WebSite\",\"@id\":\"https:\\\/\\\/www.supermonitoring.pl\\\/blogpl\\\/#website\",\"url\":\"https:\\\/\\\/www.supermonitoring.pl\\\/blogpl\\\/\",\"name\":\"Blog Super Monitoring\",\"description\":\"Narz\u0119dzia i zasoby dla ludzi Internetu \ud83d\udee0\ufe0f\",\"publisher\":{\"@id\":\"https:\\\/\\\/www.supermonitoring.pl\\\/blogpl\\\/#organization\"},\"potentialAction\":[{\"@type\":\"SearchAction\",\"target\":{\"@type\":\"EntryPoint\",\"urlTemplate\":\"https:\\\/\\\/www.supermonitoring.pl\\\/blogpl\\\/?s={search_term_string}\"},\"query-input\":{\"@type\":\"PropertyValueSpecification\",\"valueRequired\":true,\"valueName\":\"search_term_string\"}}],\"inLanguage\":\"pl-PL\"},{\"@type\":\"Organization\",\"@id\":\"https:\\\/\\\/www.supermonitoring.pl\\\/blogpl\\\/#organization\",\"name\":\"Super Monitoring\",\"url\":\"https:\\\/\\\/www.supermonitoring.pl\\\/blogpl\\\/\",\"logo\":{\"@type\":\"ImageObject\",\"inLanguage\":\"pl-PL\",\"@id\":\"https:\\\/\\\/www.supermonitoring.pl\\\/blogpl\\\/#\\\/schema\\\/logo\\\/image\\\/\",\"url\":\"https:\\\/\\\/super-monitoring.com\\\/blogpl\\\/wp-content\\\/uploads\\\/2020\\\/11\\\/supermonitoring-pionPL_400.png\",\"contentUrl\":\"https:\\\/\\\/super-monitoring.com\\\/blogpl\\\/wp-content\\\/uploads\\\/2020\\\/11\\\/supermonitoring-pionPL_400.png\",\"width\":400,\"height\":400,\"caption\":\"Super Monitoring\"},\"image\":{\"@id\":\"https:\\\/\\\/www.supermonitoring.pl\\\/blogpl\\\/#\\\/schema\\\/logo\\\/image\\\/\"},\"sameAs\":[\"https:\\\/\\\/www.facebook.com\\\/monitoring.stron\",\"https:\\\/\\\/x.com\\\/MonitoringStron\",\"https:\\\/\\\/www.linkedin.com\\\/showcase\\\/super-monitoring\\\/\"]}]}<\/script>\n<!-- \/ Yoast SEO plugin. -->","yoast_head_json":{"title":"Sprawd\u017a, kiedy wygasa certyfikat SSL strony internetowej ?","description":"Podaj adres strony i sprawd\u017a zainstalowany na niej certyfikat SSL - kiedy zosta\u0142 wydany i przez kogo oraz kiedy wygasa.","robots":{"index":"index","follow":"follow","max-snippet":"max-snippet:-1","max-image-preview":"max-image-preview:large","max-video-preview":"max-video-preview:-1"},"canonical":"https:\/\/www.supermonitoring.pl\/blogpl\/wygasanie-certyfikatu-ssl\/","og_locale":"pl_PL","og_type":"article","og_title":"Sprawd\u017a, kiedy wygasa certyfikat SSL strony internetowej ?","og_description":"Podaj adres strony i sprawd\u017a zainstalowany na niej certyfikat SSL - kiedy zosta\u0142 wydany i przez kogo oraz kiedy wygasa.","og_url":"https:\/\/www.supermonitoring.pl\/blogpl\/wygasanie-certyfikatu-ssl\/","og_site_name":"Blog Super Monitoring","article_publisher":"https:\/\/www.facebook.com\/monitoring.stron","article_modified_time":"2021-04-18T14:15:55+00:00","og_image":[{"width":1200,"height":628,"url":"https:\/\/super-monitoring.com\/blogpl\/wp-content\/uploads\/2022\/03\/supermonitoringPL1200x628.png","type":"image\/png"}],"twitter_card":"summary_large_image","twitter_site":"@MonitoringStron","twitter_misc":{"Szacowany czas czytania":"3 minuty"},"schema":{"@context":"https:\/\/schema.org","@graph":[{"@type":"WebPage","@id":"https:\/\/www.supermonitoring.pl\/blogpl\/wygasanie-certyfikatu-ssl\/","url":"https:\/\/www.supermonitoring.pl\/blogpl\/wygasanie-certyfikatu-ssl\/","name":"Sprawd\u017a, kiedy wygasa certyfikat SSL strony internetowej ?","isPartOf":{"@id":"https:\/\/www.supermonitoring.pl\/blogpl\/#website"},"datePublished":"2021-01-28T11:52:19+00:00","dateModified":"2021-04-18T14:15:55+00:00","description":"Podaj adres strony i sprawd\u017a zainstalowany na niej certyfikat SSL - kiedy zosta\u0142 wydany i przez kogo oraz kiedy wygasa.","breadcrumb":{"@id":"https:\/\/www.supermonitoring.pl\/blogpl\/wygasanie-certyfikatu-ssl\/#breadcrumb"},"inLanguage":"pl-PL","potentialAction":[{"@type":"ReadAction","target":["https:\/\/www.supermonitoring.pl\/blogpl\/wygasanie-certyfikatu-ssl\/"]}]},{"@type":"BreadcrumbList","@id":"https:\/\/www.supermonitoring.pl\/blogpl\/wygasanie-certyfikatu-ssl\/#breadcrumb","itemListElement":[{"@type":"ListItem","position":1,"name":"Strona g\u0142\u00f3wna","item":"https:\/\/www.supermonitoring.pl\/blogpl\/"},{"@type":"ListItem","position":2,"name":"Kiedy wygasa certyfikat SSL Twojej strony?"}]},{"@type":"WebSite","@id":"https:\/\/www.supermonitoring.pl\/blogpl\/#website","url":"https:\/\/www.supermonitoring.pl\/blogpl\/","name":"Blog Super Monitoring","description":"Narz\u0119dzia i zasoby dla ludzi Internetu \ud83d\udee0\ufe0f","publisher":{"@id":"https:\/\/www.supermonitoring.pl\/blogpl\/#organization"},"potentialAction":[{"@type":"SearchAction","target":{"@type":"EntryPoint","urlTemplate":"https:\/\/www.supermonitoring.pl\/blogpl\/?s={search_term_string}"},"query-input":{"@type":"PropertyValueSpecification","valueRequired":true,"valueName":"search_term_string"}}],"inLanguage":"pl-PL"},{"@type":"Organization","@id":"https:\/\/www.supermonitoring.pl\/blogpl\/#organization","name":"Super Monitoring","url":"https:\/\/www.supermonitoring.pl\/blogpl\/","logo":{"@type":"ImageObject","inLanguage":"pl-PL","@id":"https:\/\/www.supermonitoring.pl\/blogpl\/#\/schema\/logo\/image\/","url":"https:\/\/super-monitoring.com\/blogpl\/wp-content\/uploads\/2020\/11\/supermonitoring-pionPL_400.png","contentUrl":"https:\/\/super-monitoring.com\/blogpl\/wp-content\/uploads\/2020\/11\/supermonitoring-pionPL_400.png","width":400,"height":400,"caption":"Super Monitoring"},"image":{"@id":"https:\/\/www.supermonitoring.pl\/blogpl\/#\/schema\/logo\/image\/"},"sameAs":["https:\/\/www.facebook.com\/monitoring.stron","https:\/\/x.com\/MonitoringStron","https:\/\/www.linkedin.com\/showcase\/super-monitoring\/"]}]}},"_links":{"self":[{"href":"https:\/\/www.supermonitoring.pl\/blogpl\/wp-json\/wp\/v2\/pages\/4836","targetHints":{"allow":["GET"]}}],"collection":[{"href":"https:\/\/www.supermonitoring.pl\/blogpl\/wp-json\/wp\/v2\/pages"}],"about":[{"href":"https:\/\/www.supermonitoring.pl\/blogpl\/wp-json\/wp\/v2\/types\/page"}],"author":[{"embeddable":true,"href":"https:\/\/www.supermonitoring.pl\/blogpl\/wp-json\/wp\/v2\/users\/1"}],"replies":[{"embeddable":true,"href":"https:\/\/www.supermonitoring.pl\/blogpl\/wp-json\/wp\/v2\/comments?post=4836"}],"version-history":[{"count":5,"href":"https:\/\/www.supermonitoring.pl\/blogpl\/wp-json\/wp\/v2\/pages\/4836\/revisions"}],"predecessor-version":[{"id":5085,"href":"https:\/\/www.supermonitoring.pl\/blogpl\/wp-json\/wp\/v2\/pages\/4836\/revisions\/5085"}],"wp:attachment":[{"href":"https:\/\/www.supermonitoring.pl\/blogpl\/wp-json\/wp\/v2\/media?parent=4836"}],"curies":[{"name":"wp","href":"https:\/\/api.w.org\/{rel}","templated":true}]}}