{"id":4833,"date":"2021-01-28T13:50:51","date_gmt":"2021-01-28T11:50:51","guid":{"rendered":"https:\/\/www.supermonitoring.pl\/blogpl\/?page_id=4833"},"modified":"2021-04-18T16:14:41","modified_gmt":"2021-04-18T14:14:41","slug":"blokowanie-robotow-wyszukiwarek","status":"publish","type":"page","link":"https:\/\/www.supermonitoring.pl\/blogpl\/blokowanie-robotow-wyszukiwarek\/","title":{"rendered":"Czy Twoja strona blokuje roboty wyszukiwarek?"},"content":{"rendered":"<p><script>\n  function resizeIframe(obj) {\n    obj.style.height = obj.contentWindow.document.body.scrollHeight + 'px';\n  }\n<\/script><\/p>\n<p>Podaj adres strony i dowiedz si\u0119, czy roboty wyszukiwarek s\u0105 na niej blokowane przez tagi meta, plik robots.txt lub nag\u0142\u00f3wki HTTP.<\/p>\n<p><iframe src=\"\/mini-tools\/robots.php?lang=pl\" scrolling=\"no\" style=\"width:100%;border:none;overflow:hidden;min-height:500px;\" onload=\"resizeIframe(this)\" name=\"iframe-http\" id=\"iframe-http\"><br \/>\n<\/iframe><\/p>\n<h2>Blokowanie robot\u00f3w wyszukiwarek<\/h2>\n<p>Czy jako w\u0142a\u015bciciel strony internetowej zastanawia\u0142e\u015b si\u0119 kiedy\u015b, w jaki spos\u00f3b wyszukiwarki internetowe znajduj\u0105 wszystko o Twoich stronach, nawet je\u015bli nie &#8220;promowa\u0142e\u015b&#8221; ich specjalnie w mediach spo\u0142eczno\u015bciowych lub na innych stronach? Odpowiedzi\u0105 s\u0105 <strong>roboty wyszukiwarek<\/strong>.<\/p>\n<p>Roboty wyszukiwarek to ma\u0142e programy, kt\u00f3re l\u0105duj\u0105 na stronach internetowych i pod\u0105\u017caj\u0105 za umieszczonymi na nich linkami, aby zebra\u0107 informacje o stronie. Informacje te s\u0105 nast\u0119pnie dodawane do baz danych takich wyszukiwarek. Mo\u017cesz si\u0119 zastanawia\u0107, dlaczego wyszukiwarki u\u017cywaj\u0105 takich robot\u00f3w. Ot\u00f3\u017c w ten spos\u00f3b wiedz\u0105, kt\u00f3re strony internetowe mog\u0105 dostarczy\u0107 informacji zwi\u0105zanych ze s\u0142owami kluczowymi wpisywanymi przez u\u017cytkownik\u00f3w.<\/p>\n<h2>Czym s\u0105 roboty wyszukiwarek?<\/h2>\n<p>Znane w j\u0119zyku angielskim pod wieloma nazwami, takimi jak wanderers, crawlers, bots i spiders, roboty wyszukiwarek s\u0105 narz\u0119dziami u\u017cywanymi przez popularne wyszukiwarki, takie jak Google, Microsoft Bing i Yahoo do budowania swoich baz danych. Roboty te w spos\u00f3b automatyczny odwiedzaj\u0105 strony internetowe, poruszaj\u0105 si\u0119 po nich i wyodr\u0119bniaj\u0105 informacje w celu odszyfrowania opisu strony.<\/p>\n<p>Wyszukiwark\u0119 uznaje si\u0119 za wydajn\u0105, je\u015bli szybko dostarcza wyniki na zapytania u\u017cytkownik\u00f3w. Aby to osi\u0105gn\u0105\u0107, powinna posiada\u0107 obszern\u0105 baz\u0119 danych, zawieraj\u0105c\u0105 informacje o wszystkim, co jest publikowane w Internecie. Roboty wyszukiwarek pomagaj\u0105 w zbieraniu takich informacji. Gromadz\u0105 one szczeg\u00f3\u0142y takie jak nag\u0142\u00f3wki stron, meta tagi, metadane oraz tre\u015bci s\u0142owne i przekazuj\u0105 je do baz danych wyszukiwarek, dzi\u0119ki czemu mog\u0105 one oferowa\u0107 odpowiedzi szybciej ni\u017c inne konkurencyjne wyszukiwarki.<\/p>\n<h2>Jakie s\u0105 niekt\u00f3re popularne roboty wyszukiwarek?<\/h2>\n<p>Niekt\u00f3re z popularnych robot\u00f3w wyszukiwarek obejmuj\u0105:<\/p>\n<ul>\n<li>Googlebot<\/li>\n<li>Slurp bot<\/li>\n<li>Bing bot<\/li>\n<li>Baidu spider<\/li>\n<li>DuckDuck bot<\/li>\n<li>Exabot<\/li>\n<li>Sogou spider<\/li>\n<li>Yandex bot<\/li>\n<li>Alexa crawler<\/li>\n<\/ul>\n<h2>Dlaczego w\u0142a\u015bciciel strony mia\u0142by zablokowa\u0107 roboty wyszukiwarek?<\/h2>\n<p>Chocia\u017c posiadanie robot\u00f3w wyszukiwarek indeksuj\u0105cych Twoj\u0105 witryn\u0119 pomog\u0142oby Ci tylko w uzyskaniu lepszej pozycji w rankingu pod wzgl\u0119dem <a href=\"\/blogpl\/domena-internetowa-whois\/\" class=\"intlink\">domeny<\/a>, kt\u00f3r\u0105 si\u0119 zajmujesz, niekt\u00f3rzy w\u0142a\u015bciciele stron internetowych przechowuj\u0105 na swoich stronach poufne informacje i chc\u0105, aby by\u0142y one prywatne i bezpieczne. To w\u0142a\u015bnie tutaj pojawia si\u0119 kwestia bezpiecze\u0144stwa, poniewa\u017c boty wyszukiwarek nie mog\u0105 odr\u00f3\u017cni\u0107 publicznych i prywatnych tre\u015bci internetowych.<\/p>\n<p>Innym powodem, dla kt\u00f3rego w\u0142a\u015bciciel strony internetowej chcia\u0142by, aby takie boty trzyma\u0142y si\u0119 z dala od jego tre\u015bci, jest zapobieganie powielaniu ca\u0142ej witryny lub jej zawarto\u015bci, poniewa\u017c b\u0119dzie to mia\u0142o negatywny wp\u0142yw na jego SEO.<\/p>\n<p>Z tych przyczyn, w\u0142a\u015bciciele stron internetowych cz\u0119sto chc\u0105 ograniczy\u0107 dost\u0119p do swoich stron internetowych poprzez banowanie lub blokowanie robot\u00f3w indeksuj\u0105cych, zw\u0142aszcza gdy strona jest w trybie wystawowym. Tryb ten umo\u017cliwia konfiguracj\u0119 i podgl\u0105d strony przed uruchomieniem serwera, wi\u0119c blokowanie bot\u00f3w podczas tego procesu jest cz\u0119sto sugerowane.<\/p>\n<h2>Jak zablokowa\u0107 roboty wyszukiwarek?<\/h2>\n<p>Istniej\u0105 trzy sposoby na zablokowanie bot\u00f3w:<\/p>\n<h3>1. Meta tagi<\/h3>\n<p>Meta tagi to kr\u00f3tkie komunikaty okre\u015blaj\u0105ce zawarto\u015b\u0107 witryny, kt\u00f3re pojawiaj\u0105 si\u0119 wy\u0142\u0105cznie w kodzie \u017ar\u00f3d\u0142owym strony. Umo\u017cliwiaj\u0105 one programistom przekazanie parametr\u00f3w dla robot\u00f3w indeksuj\u0105cych, zapobiegaj\u0105cych indeksowaniu witryny.<\/p>\n<p>Mo\u017cesz zablokowa\u0107 roboty indeksuj\u0105ce na etapie tworzenia witryny poprzez u\u017cycie nast\u0119puj\u0105cego meta tagu w swoim kodzie \u017ar\u00f3d\u0142owym:<br \/>\n<code>&lt;meta name=\"robots\" content=\"noindex,nofollow\"&gt;<\/code><\/p>\n<p>Uwaga: Kiedy witryna b\u0119dzie ju\u017c aktywna, koniecznie usu\u0144 ten znacznik, poniewa\u017c sprawi on, \u017ce twoje strony b\u0119d\u0105 niewidoczne dla WSZYSTKICH wyszukiwarek. Meta tagi dzia\u0142aj\u0105 najlepiej tylko podczas procesu budowania strony internetowej, aby unikn\u0105\u0107 kradzie\u017cy tre\u015bci.<\/p>\n<h3>2. Pliki robots.txt<\/h3>\n<p>Pliki robots.txt s\u0105 zwyk\u0142ymi plikami tekstowymi ASCII, kt\u00f3re ograniczaj\u0105 dost\u0119p robot\u00f3w indeksuj\u0105cych do pewnych cz\u0119\u015bci witryny, takich jak okre\u015blone pliki i foldery. Je\u015bli chcesz zablokowa\u0107 pewne konkretne dane na swojej stronie internetowej, skorzystaj z tej metody. <\/p>\n<p>Aby u\u017cy\u0107 pliku robots.txt, otw\u00f3rz nowy plik w Notatniku (lub innym prostym edytorze tekstu) i wpisz poni\u017csze s\u0142owa, aby zablokowa\u0107 dost\u0119p bot\u00f3w do ca\u0142ej witryny:<br \/>\n<code>User-agent: *<br \/>\nDisallow: \/<\/code><\/p>\n<p>Nast\u0119pnie zapisz plik w swoim katalogu g\u0142\u00f3wnym i upewnij si\u0119, \u017ce nazwa pliku to robots.txt (wszystko ma\u0142ymi literami).<\/p>\n<h3>3. Nag\u0142\u00f3wek HTTP<\/h3>\n<p>Nag\u0142\u00f3wek HTTP, lub X-Robots-Tag, jest ulepszon\u0105 wersj\u0105 meta tag\u00f3w, kt\u00f3ra u\u0142atwia dodawanie ich do ka\u017cdej strony. Metoda ta pozwala na okre\u015blenie i ustawienie warto\u015bci dla ca\u0142ej witryny za jednym razem. <\/p>\n<p>Mo\u017cesz u\u017cy\u0107 nast\u0119puj\u0105cego kodu:<br \/>\n<code>Header set X-Robots-Tag \"noindex, nofollow\"<\/code><\/p>\n<p>Uwaga: Je\u015bli nie usuniesz tego z kodu \u017ar\u00f3d\u0142owego swojej witryny po jej uruchomieniu, strona zostanie ukryta przed WSZYSTKIMI przegl\u0105darkami internetowymi.<\/p>\n<h2>Jak sprawdzi\u0107 czy Roboty Wyszukiwarek s\u0105 zablokowane na konkretnym adresie URL?<\/h2>\n<p>Podobnie jak to ma miejsce w przypadku blokowania robot\u00f3w wyszukiwarek, istniej\u0105 trzy sposoby, w jakie mo\u017cna sprawdzi\u0107, czy s\u0105 one zablokowane dla danej witryny:<\/p>\n<ul>\n<li>Przejrzyj kod \u017ar\u00f3d\u0142owy HTML witryny, aby znale\u017a\u0107 meta tag lub X-Robots-Tag<\/li>\n<li>Sprawd\u017a zawarto\u015b\u0107 pliku robots.txt dla danej witryny<\/li>\n<li>Przeskanuj <a href=\"\/blogpl\/sprawdz-naglowki-http-przekierowania-strony\/\" class=\"intlink\">nag\u0142\u00f3wki HTTP<\/a><\/li>\n<\/ul>\n<p>Je\u015bli \u017cadna z powy\u017cszych metod nie zadzia\u0142a, mo\u017cesz rozwa\u017cy\u0107 skorzystanie z darmowego narz\u0119dzia powy\u017cej.<\/p>\n","protected":false},"excerpt":{"rendered":"<p>Podaj adres strony i dowiedz si\u0119, czy roboty wyszukiwarek s\u0105 na niej blokowane przez tagi meta, plik robots.txt lub nag\u0142\u00f3wki HTTP. Blokowanie robot\u00f3w wyszukiwarek Czy jako w\u0142a\u015bciciel strony internetowej zastanawia\u0142e\u015b si\u0119 kiedy\u015b, w jaki spos\u00f3b wyszukiwarki internetowe znajduj\u0105 wszystko o Twoich stronach, nawet je\u015bli nie &#8220;promowa\u0142e\u015b&#8221; ich specjalnie w mediach spo\u0142eczno\u015bciowych lub na innych stronach? [&hellip;]<\/p>\n","protected":false},"author":1,"featured_media":0,"parent":0,"menu_order":0,"comment_status":"closed","ping_status":"closed","template":"","meta":{"footnotes":""},"class_list":["post-4833","page","type-page","status-publish","hentry"],"yoast_head":"<!-- This site is optimized with the Yoast SEO plugin v27.4 - https:\/\/yoast.com\/product\/yoast-seo-wordpress\/ -->\n<title>Sprawd\u017a, czy strona internetowa blokuje roboty wyszukiwarek ?<\/title>\n<meta name=\"description\" content=\"Podaj adres strony i dowiedz si\u0119, czy roboty wyszukiwarek s\u0105 na niej blokowane przez tagi meta, plik robots.txt lub nag\u0142\u00f3wki HTTP.\" \/>\n<meta name=\"robots\" content=\"index, follow, max-snippet:-1, max-image-preview:large, max-video-preview:-1\" \/>\n<link rel=\"canonical\" href=\"https:\/\/www.supermonitoring.pl\/blogpl\/blokowanie-robotow-wyszukiwarek\/\" \/>\n<meta property=\"og:locale\" content=\"pl_PL\" \/>\n<meta property=\"og:type\" content=\"article\" \/>\n<meta property=\"og:title\" content=\"Sprawd\u017a, czy strona internetowa blokuje roboty wyszukiwarek ?\" \/>\n<meta property=\"og:description\" content=\"Podaj adres strony i dowiedz si\u0119, czy roboty wyszukiwarek s\u0105 na niej blokowane przez tagi meta, plik robots.txt lub nag\u0142\u00f3wki HTTP.\" \/>\n<meta property=\"og:url\" content=\"https:\/\/www.supermonitoring.pl\/blogpl\/blokowanie-robotow-wyszukiwarek\/\" \/>\n<meta property=\"og:site_name\" content=\"Blog Super Monitoring\" \/>\n<meta property=\"article:publisher\" content=\"https:\/\/www.facebook.com\/monitoring.stron\" \/>\n<meta property=\"article:modified_time\" content=\"2021-04-18T14:14:41+00:00\" \/>\n<meta property=\"og:image\" content=\"https:\/\/super-monitoring.com\/blogpl\/wp-content\/uploads\/2022\/03\/supermonitoringPL1200x628.png\" \/>\n\t<meta property=\"og:image:width\" content=\"1200\" \/>\n\t<meta property=\"og:image:height\" content=\"628\" \/>\n\t<meta property=\"og:image:type\" content=\"image\/png\" \/>\n<meta name=\"twitter:card\" content=\"summary_large_image\" \/>\n<meta name=\"twitter:site\" content=\"@MonitoringStron\" \/>\n<meta name=\"twitter:label1\" content=\"Szacowany czas czytania\" \/>\n\t<meta name=\"twitter:data1\" content=\"4 minuty\" \/>\n<script type=\"application\/ld+json\" class=\"yoast-schema-graph\">{\"@context\":\"https:\\\/\\\/schema.org\",\"@graph\":[{\"@type\":\"WebPage\",\"@id\":\"https:\\\/\\\/www.supermonitoring.pl\\\/blogpl\\\/blokowanie-robotow-wyszukiwarek\\\/\",\"url\":\"https:\\\/\\\/www.supermonitoring.pl\\\/blogpl\\\/blokowanie-robotow-wyszukiwarek\\\/\",\"name\":\"Sprawd\u017a, czy strona internetowa blokuje roboty wyszukiwarek ?\",\"isPartOf\":{\"@id\":\"https:\\\/\\\/www.supermonitoring.pl\\\/blogpl\\\/#website\"},\"datePublished\":\"2021-01-28T11:50:51+00:00\",\"dateModified\":\"2021-04-18T14:14:41+00:00\",\"description\":\"Podaj adres strony i dowiedz si\u0119, czy roboty wyszukiwarek s\u0105 na niej blokowane przez tagi meta, plik robots.txt lub nag\u0142\u00f3wki HTTP.\",\"breadcrumb\":{\"@id\":\"https:\\\/\\\/www.supermonitoring.pl\\\/blogpl\\\/blokowanie-robotow-wyszukiwarek\\\/#breadcrumb\"},\"inLanguage\":\"pl-PL\",\"potentialAction\":[{\"@type\":\"ReadAction\",\"target\":[\"https:\\\/\\\/www.supermonitoring.pl\\\/blogpl\\\/blokowanie-robotow-wyszukiwarek\\\/\"]}]},{\"@type\":\"BreadcrumbList\",\"@id\":\"https:\\\/\\\/www.supermonitoring.pl\\\/blogpl\\\/blokowanie-robotow-wyszukiwarek\\\/#breadcrumb\",\"itemListElement\":[{\"@type\":\"ListItem\",\"position\":1,\"name\":\"Strona g\u0142\u00f3wna\",\"item\":\"https:\\\/\\\/www.supermonitoring.pl\\\/blogpl\\\/\"},{\"@type\":\"ListItem\",\"position\":2,\"name\":\"Czy Twoja strona blokuje roboty wyszukiwarek?\"}]},{\"@type\":\"WebSite\",\"@id\":\"https:\\\/\\\/www.supermonitoring.pl\\\/blogpl\\\/#website\",\"url\":\"https:\\\/\\\/www.supermonitoring.pl\\\/blogpl\\\/\",\"name\":\"Blog Super Monitoring\",\"description\":\"Narz\u0119dzia i zasoby dla ludzi Internetu \ud83d\udee0\ufe0f\",\"publisher\":{\"@id\":\"https:\\\/\\\/www.supermonitoring.pl\\\/blogpl\\\/#organization\"},\"potentialAction\":[{\"@type\":\"SearchAction\",\"target\":{\"@type\":\"EntryPoint\",\"urlTemplate\":\"https:\\\/\\\/www.supermonitoring.pl\\\/blogpl\\\/?s={search_term_string}\"},\"query-input\":{\"@type\":\"PropertyValueSpecification\",\"valueRequired\":true,\"valueName\":\"search_term_string\"}}],\"inLanguage\":\"pl-PL\"},{\"@type\":\"Organization\",\"@id\":\"https:\\\/\\\/www.supermonitoring.pl\\\/blogpl\\\/#organization\",\"name\":\"Super Monitoring\",\"url\":\"https:\\\/\\\/www.supermonitoring.pl\\\/blogpl\\\/\",\"logo\":{\"@type\":\"ImageObject\",\"inLanguage\":\"pl-PL\",\"@id\":\"https:\\\/\\\/www.supermonitoring.pl\\\/blogpl\\\/#\\\/schema\\\/logo\\\/image\\\/\",\"url\":\"https:\\\/\\\/super-monitoring.com\\\/blogpl\\\/wp-content\\\/uploads\\\/2020\\\/11\\\/supermonitoring-pionPL_400.png\",\"contentUrl\":\"https:\\\/\\\/super-monitoring.com\\\/blogpl\\\/wp-content\\\/uploads\\\/2020\\\/11\\\/supermonitoring-pionPL_400.png\",\"width\":400,\"height\":400,\"caption\":\"Super Monitoring\"},\"image\":{\"@id\":\"https:\\\/\\\/www.supermonitoring.pl\\\/blogpl\\\/#\\\/schema\\\/logo\\\/image\\\/\"},\"sameAs\":[\"https:\\\/\\\/www.facebook.com\\\/monitoring.stron\",\"https:\\\/\\\/x.com\\\/MonitoringStron\",\"https:\\\/\\\/www.linkedin.com\\\/showcase\\\/super-monitoring\\\/\"]}]}<\/script>\n<!-- \/ Yoast SEO plugin. -->","yoast_head_json":{"title":"Sprawd\u017a, czy strona internetowa blokuje roboty wyszukiwarek ?","description":"Podaj adres strony i dowiedz si\u0119, czy roboty wyszukiwarek s\u0105 na niej blokowane przez tagi meta, plik robots.txt lub nag\u0142\u00f3wki HTTP.","robots":{"index":"index","follow":"follow","max-snippet":"max-snippet:-1","max-image-preview":"max-image-preview:large","max-video-preview":"max-video-preview:-1"},"canonical":"https:\/\/www.supermonitoring.pl\/blogpl\/blokowanie-robotow-wyszukiwarek\/","og_locale":"pl_PL","og_type":"article","og_title":"Sprawd\u017a, czy strona internetowa blokuje roboty wyszukiwarek ?","og_description":"Podaj adres strony i dowiedz si\u0119, czy roboty wyszukiwarek s\u0105 na niej blokowane przez tagi meta, plik robots.txt lub nag\u0142\u00f3wki HTTP.","og_url":"https:\/\/www.supermonitoring.pl\/blogpl\/blokowanie-robotow-wyszukiwarek\/","og_site_name":"Blog Super Monitoring","article_publisher":"https:\/\/www.facebook.com\/monitoring.stron","article_modified_time":"2021-04-18T14:14:41+00:00","og_image":[{"width":1200,"height":628,"url":"https:\/\/super-monitoring.com\/blogpl\/wp-content\/uploads\/2022\/03\/supermonitoringPL1200x628.png","type":"image\/png"}],"twitter_card":"summary_large_image","twitter_site":"@MonitoringStron","twitter_misc":{"Szacowany czas czytania":"4 minuty"},"schema":{"@context":"https:\/\/schema.org","@graph":[{"@type":"WebPage","@id":"https:\/\/www.supermonitoring.pl\/blogpl\/blokowanie-robotow-wyszukiwarek\/","url":"https:\/\/www.supermonitoring.pl\/blogpl\/blokowanie-robotow-wyszukiwarek\/","name":"Sprawd\u017a, czy strona internetowa blokuje roboty wyszukiwarek ?","isPartOf":{"@id":"https:\/\/www.supermonitoring.pl\/blogpl\/#website"},"datePublished":"2021-01-28T11:50:51+00:00","dateModified":"2021-04-18T14:14:41+00:00","description":"Podaj adres strony i dowiedz si\u0119, czy roboty wyszukiwarek s\u0105 na niej blokowane przez tagi meta, plik robots.txt lub nag\u0142\u00f3wki HTTP.","breadcrumb":{"@id":"https:\/\/www.supermonitoring.pl\/blogpl\/blokowanie-robotow-wyszukiwarek\/#breadcrumb"},"inLanguage":"pl-PL","potentialAction":[{"@type":"ReadAction","target":["https:\/\/www.supermonitoring.pl\/blogpl\/blokowanie-robotow-wyszukiwarek\/"]}]},{"@type":"BreadcrumbList","@id":"https:\/\/www.supermonitoring.pl\/blogpl\/blokowanie-robotow-wyszukiwarek\/#breadcrumb","itemListElement":[{"@type":"ListItem","position":1,"name":"Strona g\u0142\u00f3wna","item":"https:\/\/www.supermonitoring.pl\/blogpl\/"},{"@type":"ListItem","position":2,"name":"Czy Twoja strona blokuje roboty wyszukiwarek?"}]},{"@type":"WebSite","@id":"https:\/\/www.supermonitoring.pl\/blogpl\/#website","url":"https:\/\/www.supermonitoring.pl\/blogpl\/","name":"Blog Super Monitoring","description":"Narz\u0119dzia i zasoby dla ludzi Internetu \ud83d\udee0\ufe0f","publisher":{"@id":"https:\/\/www.supermonitoring.pl\/blogpl\/#organization"},"potentialAction":[{"@type":"SearchAction","target":{"@type":"EntryPoint","urlTemplate":"https:\/\/www.supermonitoring.pl\/blogpl\/?s={search_term_string}"},"query-input":{"@type":"PropertyValueSpecification","valueRequired":true,"valueName":"search_term_string"}}],"inLanguage":"pl-PL"},{"@type":"Organization","@id":"https:\/\/www.supermonitoring.pl\/blogpl\/#organization","name":"Super Monitoring","url":"https:\/\/www.supermonitoring.pl\/blogpl\/","logo":{"@type":"ImageObject","inLanguage":"pl-PL","@id":"https:\/\/www.supermonitoring.pl\/blogpl\/#\/schema\/logo\/image\/","url":"https:\/\/super-monitoring.com\/blogpl\/wp-content\/uploads\/2020\/11\/supermonitoring-pionPL_400.png","contentUrl":"https:\/\/super-monitoring.com\/blogpl\/wp-content\/uploads\/2020\/11\/supermonitoring-pionPL_400.png","width":400,"height":400,"caption":"Super Monitoring"},"image":{"@id":"https:\/\/www.supermonitoring.pl\/blogpl\/#\/schema\/logo\/image\/"},"sameAs":["https:\/\/www.facebook.com\/monitoring.stron","https:\/\/x.com\/MonitoringStron","https:\/\/www.linkedin.com\/showcase\/super-monitoring\/"]}]}},"_links":{"self":[{"href":"https:\/\/www.supermonitoring.pl\/blogpl\/wp-json\/wp\/v2\/pages\/4833","targetHints":{"allow":["GET"]}}],"collection":[{"href":"https:\/\/www.supermonitoring.pl\/blogpl\/wp-json\/wp\/v2\/pages"}],"about":[{"href":"https:\/\/www.supermonitoring.pl\/blogpl\/wp-json\/wp\/v2\/types\/page"}],"author":[{"embeddable":true,"href":"https:\/\/www.supermonitoring.pl\/blogpl\/wp-json\/wp\/v2\/users\/1"}],"replies":[{"embeddable":true,"href":"https:\/\/www.supermonitoring.pl\/blogpl\/wp-json\/wp\/v2\/comments?post=4833"}],"version-history":[{"count":6,"href":"https:\/\/www.supermonitoring.pl\/blogpl\/wp-json\/wp\/v2\/pages\/4833\/revisions"}],"predecessor-version":[{"id":5083,"href":"https:\/\/www.supermonitoring.pl\/blogpl\/wp-json\/wp\/v2\/pages\/4833\/revisions\/5083"}],"wp:attachment":[{"href":"https:\/\/www.supermonitoring.pl\/blogpl\/wp-json\/wp\/v2\/media?parent=4833"}],"curies":[{"name":"wp","href":"https:\/\/api.w.org\/{rel}","templated":true}]}}