{"id":3184,"date":"2017-04-28T17:53:47","date_gmt":"2017-04-28T15:53:47","guid":{"rendered":"https:\/\/www.supermonitoring.pl\/blogpl\/?page_id=3184"},"modified":"2021-04-18T16:13:00","modified_gmt":"2021-04-18T14:13:00","slug":"sprawdz-naglowki-http-przegladarki","status":"publish","type":"page","link":"https:\/\/www.supermonitoring.pl\/blogpl\/sprawdz-naglowki-http-przegladarki\/","title":{"rendered":"Sprawd\u017a nag\u0142\u00f3wki HTTP swojej przegl\u0105darki"},"content":{"rendered":"<p><script>\n  function resizeIframe(obj) {\n    obj.style.height = obj.contentWindow.document.body.scrollHeight + 'px';\n  }\n<\/script><br \/>\nKliknij przycisk poni\u017cej, \u017ceby sprawdzi\u0107 nag\u0142\u00f3wki HTTP wysy\u0142ane przez Twoj\u0105 przegl\u0105dark\u0119.<br \/>\nMo\u017cesz te\u017c <a href=\"\/blogpl\/sprawdz-naglowki-http-przekierowania-strony\/\" target=\"_top\" rel=\"noopener noreferrer\">sprawdzi\u0107 nag\u0142\u00f3wki HTTP i przekierowania strony internetowej<\/a>.<\/p>\n<p><iframe src=\"\/mini-tools\/browse\/index.php?lang=pl\" scrolling=\"no\" style=\"width:100%;border:none;overflow:hidden;min-height:500px;\" onload=\"resizeIframe(this)\" name=\"iframe-http\" id=\"iframe-http\"><br \/>\n<\/iframe><\/p>\n<h2>Nag\u0142\u00f3wki \u017c\u0105da\u0144 HTTP<\/h2>\n<p>Hypertext Transfer Protocol (HTTP) funkcjonuje w modelu klient-serwer, w kt\u00f3rym to klient (zazwyczaj przegl\u0105darka internetowa u\u017cywana przez u\u017cytkownika ko\u0144cowego) otwiera po\u0142\u0105czenie i czeka na odpowied\u017a od serwera (zazwyczaj jest to docelowy adres URL). Nag\u0142\u00f3wek u\u017cywany do wysy\u0142ania \u017c\u0105da\u0144 do serwera jest znany jako <strong>HTTP Request Header<\/strong>.<\/p>\n<h2>Czym s\u0105 nag\u0142\u00f3wki \u017c\u0105da\u0144 HTTP?<\/h2>\n<p>Nag\u0142\u00f3wek \u017c\u0105dania HTTP u\u0142atwia u\u017cytkownikowi dost\u0119p do stron internetowych w Internecie. Za ka\u017cdym razem, gdy u\u017cytkownik odwiedza stron\u0119 internetow\u0105, do serwera wysy\u0142ane jest nowe \u017c\u0105danie HTTP. Jest ono wysy\u0142ane wraz z podstawowymi danymi o \u017c\u0105daj\u0105cym kliencie, dzi\u0119ki czemu serwer mo\u017ce zidentyfikowa\u0107 \u017c\u0105danie i odes\u0142a\u0107 odpowied\u017a. <\/p>\n<p>Dane te s\u0105 umieszczane w tak zwanym nag\u0142\u00f3wku \u017c\u0105dania HTTP i mog\u0105 zawiera\u0107 takie informacje jak \u017ar\u00f3d\u0142owy adres IP, typ przegl\u0105darki u\u017cytkownika (np. Mozilla, Chrome, itp.), \u017c\u0105dany adres URL i inne dodatkowe informacje. W odpowiedzi na nag\u0142\u00f3wek \u017c\u0105dania HTTP, serwer WWW odsy\u0142a <a href=\"\/blogpl\/sprawdz-naglowki-http-przekierowania-strony\/\" class=\"intlink\">nag\u0142\u00f3wek odpowiedzi HTTP<\/a>, kt\u00f3ry zawiera dane, o kt\u00f3re wyst\u0105pi\u0142 klient.<\/p>\n<h2>Jakie s\u0105 niekt\u00f3re popularne nag\u0142\u00f3wki \u017c\u0105dania HTTP?<\/h2>\n<h3>Host<\/h3>\n<p>Jest to obowi\u0105zkowe pole nag\u0142\u00f3wka, kt\u00f3re zawiera informacje dotycz\u0105ce hosta internetowego i numeru portu zasobu, z kt\u00f3rego za\u017c\u0105dano danych (na przyk\u0142ad &#8220;Host: en.wikipedia.org&#8221;).<\/p>\n<h3>Authorization<\/h3>\n<p>U\u017cywane, gdy klient chce uwierzytelni\u0107 \u017c\u0105danie. Dane zawieraj\u0105ce informacje uwierzytelniaj\u0105ce s\u0105 wysy\u0142ane do serwera (na przyk\u0142ad, &#8220;Authorization: Basic AbCdE123$5&#8221;).<\/p>\n<h3>Accept-Language<\/h3>\n<p>U\u017cywane, gdy klient \u017c\u0105da, aby odpowied\u017a by\u0142a w okre\u015blonym j\u0119zyku lub zestawie j\u0119zyk\u00f3w (na przyk\u0142ad, &#8220;Accept-Language: en-US&#8221;). Wiele j\u0119zyk\u00f3w mo\u017ce by\u0107 okre\u015blonych poprzez list\u0119 oddzielon\u0105 przecinkami.<\/p>\n<h3>Expect<\/h3>\n<p>U\u017cywane, gdy klient wymaga okre\u015blonego zestawu zachowa\u0144 serwera. Je\u015bli serwer otrzyma\u0142 nag\u0142\u00f3wek \u017c\u0105dania HTTP zawieraj\u0105cy warto\u015b\u0107 pola &#8220;Expect&#8221;, kt\u00f3rej nie obs\u0142uguje, musi obowi\u0105zkowo odpowiedzie\u0107 statusem &#8220;Expectation Failed (417)&#8221; (na przyk\u0142ad &#8220;Expect: 100-continue | expectation-extension&#8221;).<\/p>\n<h3>Cookie<\/h3>\n<p>Zawiera par\u0119 nazwa-warto\u015b\u0107, kt\u00f3ra jest przechowywana dla tego adresu URL (na przyk\u0142ad &#8220;Cookie: name=value&#8221;). Wiele plik\u00f3w cookie mo\u017ce by\u0107 okre\u015blonych poprzez list\u0119 oddzielon\u0105 przecinkami.<\/p>\n<h2>Jak sprawdzi\u0107 jakie nag\u0142\u00f3wki HTTP s\u0105 wysy\u0142ane przez moj\u0105 przegl\u0105dark\u0119?<\/h2>\n<p>Podczas rozwi\u0105zywania kilku problem\u00f3w mo\u017ce zaj\u015b\u0107 potrzeba sprawdzenia, kt\u00f3re nag\u0142\u00f3wki http zosta\u0142y wys\u0142ane przez przegl\u0105dark\u0119, dlatego warto wiedzie\u0107, jak i gdzie to zrobi\u0107.<\/p>\n<p>Nag\u0142\u00f3wki \u017c\u0105da\u0144 HTTP s\u0105 \u0142atwo dost\u0119pne w samej przegl\u0105darce internetowej. Aby uzyska\u0107 do nich dost\u0119p,<\/p>\n<ol>\n<li>Otw\u00f3rz stron\u0119 internetow\u0105, kt\u00f3rej nag\u0142\u00f3wki chcesz sprawdzi\u0107. <\/li>\n<li>Kliknij prawym przyciskiem myszy i wybierz \u201eZbadaj\u201d, aby otworzy\u0107 narz\u0119dzia deweloperskie.<\/li>\n<li>Wybierz zak\u0142adk\u0119 sieci i od\u015bwie\u017c lub prze\u0142aduj stron\u0119. <\/li>\n<li>Wybierz dowolne \u017c\u0105danie HTTP z lewego panelu, a jego nag\u0142\u00f3wek zostanie wy\u015bwietlony po prawej stronie.<\/li>\n<\/ol>\n<p>Istniej\u0105 r\u00f3wnie\u017c inne sposoby, kt\u00f3re mog\u0105 by\u0107 u\u017cyte do interpretacji informacji o kodowaniu znak\u00f3w w nag\u0142\u00f3wkach HTTP. Przegl\u0105darka HTTP Header Viewer poka\u017ce wszystkie nag\u0142\u00f3wki, a tak\u017ce \u017ar\u00f3d\u0142o informacji zwr\u00f3conych przez serwer. Dzi\u0119ki temu praca staje si\u0119 \u0142atwiejsza, a informacje zakodowane w nag\u0142\u00f3wkach s\u0105 lepiej widoczne.<\/p>\n<h2>Jaki jest najprostszy spos\u00f3b na sprawdzenie nag\u0142\u00f3wk\u00f3w HTTP?<\/h2>\n<p>Najprostszym sposobem na sprawdzenie jakie nag\u0142\u00f3wki HTTP s\u0105 wysy\u0142ane przez przegl\u0105dark\u0119 internetow\u0105 jest skorzystanie z darmowego narz\u0119dzia powy\u017cej.<\/p>\n","protected":false},"excerpt":{"rendered":"<p>Kliknij przycisk poni\u017cej, \u017ceby sprawdzi\u0107 nag\u0142\u00f3wki HTTP wysy\u0142ane przez Twoj\u0105 przegl\u0105dark\u0119. Mo\u017cesz te\u017c sprawdzi\u0107 nag\u0142\u00f3wki HTTP i przekierowania strony internetowej. Nag\u0142\u00f3wki \u017c\u0105da\u0144 HTTP Hypertext Transfer Protocol (HTTP) funkcjonuje w modelu klient-serwer, w kt\u00f3rym to klient (zazwyczaj przegl\u0105darka internetowa u\u017cywana przez u\u017cytkownika ko\u0144cowego) otwiera po\u0142\u0105czenie i czeka na odpowied\u017a od serwera (zazwyczaj jest to docelowy adres [&hellip;]<\/p>\n","protected":false},"author":1,"featured_media":0,"parent":0,"menu_order":0,"comment_status":"closed","ping_status":"closed","template":"","meta":{"footnotes":""},"class_list":["post-3184","page","type-page","status-publish","hentry"],"yoast_head":"<!-- This site is optimized with the Yoast SEO plugin v27.4 - https:\/\/yoast.com\/product\/yoast-seo-wordpress\/ -->\n<title>Sprawd\u017a nag\u0142\u00f3wki HTTP swojej przegl\u0105darki<\/title>\n<meta name=\"description\" content=\"Kliknij przycisk poni\u017cej, \u017ceby sprawdzi\u0107 nag\u0142\u00f3wki HTTP wysy\u0142ane przez Twoj\u0105 przegl\u0105dark\u0119. Mo\u017cesz te\u017c sprawdzi\u0107 nag\u0142\u00f3wki HTTP i przekierowania strony\" \/>\n<meta name=\"robots\" content=\"index, follow, max-snippet:-1, max-image-preview:large, max-video-preview:-1\" \/>\n<link rel=\"canonical\" href=\"https:\/\/www.supermonitoring.pl\/blogpl\/sprawdz-naglowki-http-przegladarki\/\" \/>\n<meta property=\"og:locale\" content=\"pl_PL\" \/>\n<meta property=\"og:type\" content=\"article\" \/>\n<meta property=\"og:title\" content=\"Sprawd\u017a nag\u0142\u00f3wki HTTP swojej przegl\u0105darki\" \/>\n<meta property=\"og:description\" content=\"Kliknij przycisk poni\u017cej, \u017ceby sprawdzi\u0107 nag\u0142\u00f3wki HTTP wysy\u0142ane przez Twoj\u0105 przegl\u0105dark\u0119. Mo\u017cesz te\u017c sprawdzi\u0107 nag\u0142\u00f3wki HTTP i przekierowania strony\" \/>\n<meta property=\"og:url\" content=\"https:\/\/www.supermonitoring.pl\/blogpl\/sprawdz-naglowki-http-przegladarki\/\" \/>\n<meta property=\"og:site_name\" content=\"Blog Super Monitoring\" \/>\n<meta property=\"article:publisher\" content=\"https:\/\/www.facebook.com\/monitoring.stron\" \/>\n<meta property=\"article:modified_time\" content=\"2021-04-18T14:13:00+00:00\" \/>\n<meta property=\"og:image\" content=\"https:\/\/super-monitoring.com\/blogpl\/wp-content\/uploads\/2022\/03\/supermonitoringPL1200x628.png\" \/>\n\t<meta property=\"og:image:width\" content=\"1200\" \/>\n\t<meta property=\"og:image:height\" content=\"628\" \/>\n\t<meta property=\"og:image:type\" content=\"image\/png\" \/>\n<meta name=\"twitter:card\" content=\"summary_large_image\" \/>\n<meta name=\"twitter:site\" content=\"@MonitoringStron\" \/>\n<meta name=\"twitter:label1\" content=\"Szacowany czas czytania\" \/>\n\t<meta name=\"twitter:data1\" content=\"3 minuty\" \/>\n<script type=\"application\/ld+json\" class=\"yoast-schema-graph\">{\"@context\":\"https:\\\/\\\/schema.org\",\"@graph\":[{\"@type\":\"WebPage\",\"@id\":\"https:\\\/\\\/www.supermonitoring.pl\\\/blogpl\\\/sprawdz-naglowki-http-przegladarki\\\/\",\"url\":\"https:\\\/\\\/www.supermonitoring.pl\\\/blogpl\\\/sprawdz-naglowki-http-przegladarki\\\/\",\"name\":\"Sprawd\u017a nag\u0142\u00f3wki HTTP swojej przegl\u0105darki\",\"isPartOf\":{\"@id\":\"https:\\\/\\\/www.supermonitoring.pl\\\/blogpl\\\/#website\"},\"datePublished\":\"2017-04-28T15:53:47+00:00\",\"dateModified\":\"2021-04-18T14:13:00+00:00\",\"description\":\"Kliknij przycisk poni\u017cej, \u017ceby sprawdzi\u0107 nag\u0142\u00f3wki HTTP wysy\u0142ane przez Twoj\u0105 przegl\u0105dark\u0119. Mo\u017cesz te\u017c sprawdzi\u0107 nag\u0142\u00f3wki HTTP i przekierowania strony\",\"breadcrumb\":{\"@id\":\"https:\\\/\\\/www.supermonitoring.pl\\\/blogpl\\\/sprawdz-naglowki-http-przegladarki\\\/#breadcrumb\"},\"inLanguage\":\"pl-PL\",\"potentialAction\":[{\"@type\":\"ReadAction\",\"target\":[\"https:\\\/\\\/www.supermonitoring.pl\\\/blogpl\\\/sprawdz-naglowki-http-przegladarki\\\/\"]}]},{\"@type\":\"BreadcrumbList\",\"@id\":\"https:\\\/\\\/www.supermonitoring.pl\\\/blogpl\\\/sprawdz-naglowki-http-przegladarki\\\/#breadcrumb\",\"itemListElement\":[{\"@type\":\"ListItem\",\"position\":1,\"name\":\"Strona g\u0142\u00f3wna\",\"item\":\"https:\\\/\\\/www.supermonitoring.pl\\\/blogpl\\\/\"},{\"@type\":\"ListItem\",\"position\":2,\"name\":\"Sprawd\u017a nag\u0142\u00f3wki HTTP swojej przegl\u0105darki\"}]},{\"@type\":\"WebSite\",\"@id\":\"https:\\\/\\\/www.supermonitoring.pl\\\/blogpl\\\/#website\",\"url\":\"https:\\\/\\\/www.supermonitoring.pl\\\/blogpl\\\/\",\"name\":\"Blog Super Monitoring\",\"description\":\"Narz\u0119dzia i zasoby dla ludzi Internetu \ud83d\udee0\ufe0f\",\"publisher\":{\"@id\":\"https:\\\/\\\/www.supermonitoring.pl\\\/blogpl\\\/#organization\"},\"potentialAction\":[{\"@type\":\"SearchAction\",\"target\":{\"@type\":\"EntryPoint\",\"urlTemplate\":\"https:\\\/\\\/www.supermonitoring.pl\\\/blogpl\\\/?s={search_term_string}\"},\"query-input\":{\"@type\":\"PropertyValueSpecification\",\"valueRequired\":true,\"valueName\":\"search_term_string\"}}],\"inLanguage\":\"pl-PL\"},{\"@type\":\"Organization\",\"@id\":\"https:\\\/\\\/www.supermonitoring.pl\\\/blogpl\\\/#organization\",\"name\":\"Super Monitoring\",\"url\":\"https:\\\/\\\/www.supermonitoring.pl\\\/blogpl\\\/\",\"logo\":{\"@type\":\"ImageObject\",\"inLanguage\":\"pl-PL\",\"@id\":\"https:\\\/\\\/www.supermonitoring.pl\\\/blogpl\\\/#\\\/schema\\\/logo\\\/image\\\/\",\"url\":\"https:\\\/\\\/super-monitoring.com\\\/blogpl\\\/wp-content\\\/uploads\\\/2020\\\/11\\\/supermonitoring-pionPL_400.png\",\"contentUrl\":\"https:\\\/\\\/super-monitoring.com\\\/blogpl\\\/wp-content\\\/uploads\\\/2020\\\/11\\\/supermonitoring-pionPL_400.png\",\"width\":400,\"height\":400,\"caption\":\"Super Monitoring\"},\"image\":{\"@id\":\"https:\\\/\\\/www.supermonitoring.pl\\\/blogpl\\\/#\\\/schema\\\/logo\\\/image\\\/\"},\"sameAs\":[\"https:\\\/\\\/www.facebook.com\\\/monitoring.stron\",\"https:\\\/\\\/x.com\\\/MonitoringStron\",\"https:\\\/\\\/www.linkedin.com\\\/showcase\\\/super-monitoring\\\/\"]}]}<\/script>\n<!-- \/ Yoast SEO plugin. -->","yoast_head_json":{"title":"Sprawd\u017a nag\u0142\u00f3wki HTTP swojej przegl\u0105darki","description":"Kliknij przycisk poni\u017cej, \u017ceby sprawdzi\u0107 nag\u0142\u00f3wki HTTP wysy\u0142ane przez Twoj\u0105 przegl\u0105dark\u0119. Mo\u017cesz te\u017c sprawdzi\u0107 nag\u0142\u00f3wki HTTP i przekierowania strony","robots":{"index":"index","follow":"follow","max-snippet":"max-snippet:-1","max-image-preview":"max-image-preview:large","max-video-preview":"max-video-preview:-1"},"canonical":"https:\/\/www.supermonitoring.pl\/blogpl\/sprawdz-naglowki-http-przegladarki\/","og_locale":"pl_PL","og_type":"article","og_title":"Sprawd\u017a nag\u0142\u00f3wki HTTP swojej przegl\u0105darki","og_description":"Kliknij przycisk poni\u017cej, \u017ceby sprawdzi\u0107 nag\u0142\u00f3wki HTTP wysy\u0142ane przez Twoj\u0105 przegl\u0105dark\u0119. Mo\u017cesz te\u017c sprawdzi\u0107 nag\u0142\u00f3wki HTTP i przekierowania strony","og_url":"https:\/\/www.supermonitoring.pl\/blogpl\/sprawdz-naglowki-http-przegladarki\/","og_site_name":"Blog Super Monitoring","article_publisher":"https:\/\/www.facebook.com\/monitoring.stron","article_modified_time":"2021-04-18T14:13:00+00:00","og_image":[{"width":1200,"height":628,"url":"https:\/\/super-monitoring.com\/blogpl\/wp-content\/uploads\/2022\/03\/supermonitoringPL1200x628.png","type":"image\/png"}],"twitter_card":"summary_large_image","twitter_site":"@MonitoringStron","twitter_misc":{"Szacowany czas czytania":"3 minuty"},"schema":{"@context":"https:\/\/schema.org","@graph":[{"@type":"WebPage","@id":"https:\/\/www.supermonitoring.pl\/blogpl\/sprawdz-naglowki-http-przegladarki\/","url":"https:\/\/www.supermonitoring.pl\/blogpl\/sprawdz-naglowki-http-przegladarki\/","name":"Sprawd\u017a nag\u0142\u00f3wki HTTP swojej przegl\u0105darki","isPartOf":{"@id":"https:\/\/www.supermonitoring.pl\/blogpl\/#website"},"datePublished":"2017-04-28T15:53:47+00:00","dateModified":"2021-04-18T14:13:00+00:00","description":"Kliknij przycisk poni\u017cej, \u017ceby sprawdzi\u0107 nag\u0142\u00f3wki HTTP wysy\u0142ane przez Twoj\u0105 przegl\u0105dark\u0119. Mo\u017cesz te\u017c sprawdzi\u0107 nag\u0142\u00f3wki HTTP i przekierowania strony","breadcrumb":{"@id":"https:\/\/www.supermonitoring.pl\/blogpl\/sprawdz-naglowki-http-przegladarki\/#breadcrumb"},"inLanguage":"pl-PL","potentialAction":[{"@type":"ReadAction","target":["https:\/\/www.supermonitoring.pl\/blogpl\/sprawdz-naglowki-http-przegladarki\/"]}]},{"@type":"BreadcrumbList","@id":"https:\/\/www.supermonitoring.pl\/blogpl\/sprawdz-naglowki-http-przegladarki\/#breadcrumb","itemListElement":[{"@type":"ListItem","position":1,"name":"Strona g\u0142\u00f3wna","item":"https:\/\/www.supermonitoring.pl\/blogpl\/"},{"@type":"ListItem","position":2,"name":"Sprawd\u017a nag\u0142\u00f3wki HTTP swojej przegl\u0105darki"}]},{"@type":"WebSite","@id":"https:\/\/www.supermonitoring.pl\/blogpl\/#website","url":"https:\/\/www.supermonitoring.pl\/blogpl\/","name":"Blog Super Monitoring","description":"Narz\u0119dzia i zasoby dla ludzi Internetu \ud83d\udee0\ufe0f","publisher":{"@id":"https:\/\/www.supermonitoring.pl\/blogpl\/#organization"},"potentialAction":[{"@type":"SearchAction","target":{"@type":"EntryPoint","urlTemplate":"https:\/\/www.supermonitoring.pl\/blogpl\/?s={search_term_string}"},"query-input":{"@type":"PropertyValueSpecification","valueRequired":true,"valueName":"search_term_string"}}],"inLanguage":"pl-PL"},{"@type":"Organization","@id":"https:\/\/www.supermonitoring.pl\/blogpl\/#organization","name":"Super Monitoring","url":"https:\/\/www.supermonitoring.pl\/blogpl\/","logo":{"@type":"ImageObject","inLanguage":"pl-PL","@id":"https:\/\/www.supermonitoring.pl\/blogpl\/#\/schema\/logo\/image\/","url":"https:\/\/super-monitoring.com\/blogpl\/wp-content\/uploads\/2020\/11\/supermonitoring-pionPL_400.png","contentUrl":"https:\/\/super-monitoring.com\/blogpl\/wp-content\/uploads\/2020\/11\/supermonitoring-pionPL_400.png","width":400,"height":400,"caption":"Super Monitoring"},"image":{"@id":"https:\/\/www.supermonitoring.pl\/blogpl\/#\/schema\/logo\/image\/"},"sameAs":["https:\/\/www.facebook.com\/monitoring.stron","https:\/\/x.com\/MonitoringStron","https:\/\/www.linkedin.com\/showcase\/super-monitoring\/"]}]}},"_links":{"self":[{"href":"https:\/\/www.supermonitoring.pl\/blogpl\/wp-json\/wp\/v2\/pages\/3184","targetHints":{"allow":["GET"]}}],"collection":[{"href":"https:\/\/www.supermonitoring.pl\/blogpl\/wp-json\/wp\/v2\/pages"}],"about":[{"href":"https:\/\/www.supermonitoring.pl\/blogpl\/wp-json\/wp\/v2\/types\/page"}],"author":[{"embeddable":true,"href":"https:\/\/www.supermonitoring.pl\/blogpl\/wp-json\/wp\/v2\/users\/1"}],"replies":[{"embeddable":true,"href":"https:\/\/www.supermonitoring.pl\/blogpl\/wp-json\/wp\/v2\/comments?post=3184"}],"version-history":[{"count":8,"href":"https:\/\/www.supermonitoring.pl\/blogpl\/wp-json\/wp\/v2\/pages\/3184\/revisions"}],"predecessor-version":[{"id":5081,"href":"https:\/\/www.supermonitoring.pl\/blogpl\/wp-json\/wp\/v2\/pages\/3184\/revisions\/5081"}],"wp:attachment":[{"href":"https:\/\/www.supermonitoring.pl\/blogpl\/wp-json\/wp\/v2\/media?parent=3184"}],"curies":[{"name":"wp","href":"https:\/\/api.w.org\/{rel}","templated":true}]}}