{"id":3181,"date":"2017-04-28T17:50:53","date_gmt":"2017-04-28T15:50:53","guid":{"rendered":"https:\/\/www.supermonitoring.pl\/blogpl\/?page_id=3181"},"modified":"2021-04-18T16:13:34","modified_gmt":"2021-04-18T14:13:34","slug":"sprawdz-naglowki-http-przekierowania-strony","status":"publish","type":"page","link":"https:\/\/www.supermonitoring.pl\/blogpl\/sprawdz-naglowki-http-przekierowania-strony\/","title":{"rendered":"Sprawd\u017a nag\u0142\u00f3wki HTTP i przekierowania strony internetowej"},"content":{"rendered":"<p><script>\n  function resizeIframe(obj) {\n    obj.style.height = obj.contentWindow.document.body.scrollHeight + 'px';\n  }\n<\/script><\/p>\n<p>Podaj adres URL strony internetowej i poczekaj kilka sekund, \u017ceby wy\u015bwietli\u0107 jej nag\u0142\u00f3wki HTTP.<br \/>\nMo\u017cesz r\u00f3wnie\u017c <a href=\"\/blogpl\/sprawdz-naglowki-http-przegladarki\/\" target=\"_top\" rel=\"noopener noreferrer\">sprawdzi\u0107 nag\u0142\u00f3wki HTTP swojej przegl\u0105darki<\/a>.<\/p>\n<p><iframe src=\"\/mini-tools\/site\/?lang=pl\" scrolling=\"no\" style=\"width:100%;border:none;overflow:hidden;min-height:500px;\" onload=\"resizeIframe(this)\" name=\"iframe-http\" id=\"iframe-http\"><br \/>\n<\/iframe><\/p>\n<h2>Nag\u0142\u00f3wki odpowiedzi HTTP<\/h2>\n<p>Protok\u00f3\u0142 HTTP (Hypertext Transfer Protocol) powsta\u0142 z my\u015bl\u0105 o wymianie informacji pomi\u0119dzy przegl\u0105darkami internetowymi a serwerami WWW w sieci. Kiedy u\u017cytkownik chce odwiedzi\u0107 dan\u0105 stron\u0119 internetow\u0105, wpisuje adres URL w przegl\u0105darce, kt\u00f3ra wewn\u0119trznie wysy\u0142a <a href=\"\/blogpl\/sprawdz-naglowki-http-przegladarki\/\" class=\"intlink\">\u017c\u0105danie<\/a> do serwera WWW, na kt\u00f3rym ta strona jest umieszczona. Nast\u0119pnie odpowied\u017a na to \u017c\u0105danie jest wysy\u0142ana przez odpowiedni serwer WWW w postaci informacji, o kt\u00f3re prosi\u0142a przegl\u0105darka. Ten rodzaj wymiany informacji jest typowy dla struktury klient-serwer, w kt\u00f3rej przegl\u0105darka jest klientem, a serwer WWW serwerem.<\/p>\n<h2>Co to s\u0105 nag\u0142\u00f3wki odpowiedzi HTTP?<\/h2>\n<p>Odpowied\u017a HTTP to informacje wysy\u0142ane przez serwer w odpowiedzi na \u017c\u0105danie klienta. Opr\u00f3cz wymaganych danych, odpowied\u017a HTTP zawiera dodatkowe informacje, takie jak adres IP miejsca docelowego (klienta), typ danych, adres hosta (serwera) i inne.<\/p>\n<p>Wielko\u015b\u0107 liter w nag\u0142\u00f3wkach HTTP zazwyczaj nie ma znaczenia. Zaczynaj\u0105 si\u0119 one od nazwy protoko\u0142u (http), po kt\u00f3rej nast\u0119puje dwukropek (:), a nast\u0119pnie warto\u015b\u0107 nag\u0142\u00f3wka. Je\u015bli strona u\u017cywa bezpiecznego protoko\u0142u HTTP, nag\u0142\u00f3wki zaczynaj\u0105 si\u0119 od https zamiast http, gdzie &#8220;s&#8221; oznacza, \u017ce strona u\u017cywa dodatkowych zabezpiecze\u0144.<\/p>\n<h2>Jakie s\u0105 niekt\u00f3re popularne nag\u0142\u00f3wki odpowiedzi HTTP?<\/h2>\n<h3>Age<\/h3>\n<p>Informuje, ile czasu up\u0142yn\u0119\u0142o od momentu wygenerowania odpowiedzi na serwerze \u017ar\u00f3d\u0142owym. Warto\u015b\u0107 jest wyra\u017cona w nieujemnej liczbie, kt\u00f3ra reprezentuje czas w sekundach (np. &#8220;Age: 12&#8221;).<\/p>\n<h3>Location<\/h3>\n<p>S\u0142u\u017cy do przekierowania miejsca docelowego do innej lokalizacji zamiast \u017c\u0105daj\u0105cego URI (na przyk\u0142ad &#8220;Location : http:\/\/wwww.m3.org\/songs.html&#8221;).<\/p>\n<h3>Server<\/h3>\n<p>Zawiera szczeg\u00f3\u0142y dotycz\u0105ce oprogramowania u\u017cywanego przez serwer \u017ar\u00f3d\u0142owy do odpowiedzi na zapytanie (na przyk\u0142ad, &#8220;Server : Apache\/2.4.3 (Unix)&#8221;).<\/p>\n<h3>Set-Cookie<\/h3>\n<p>Zawiera kombinacj\u0119 nazwa-warto\u015b\u0107, kt\u00f3r\u0105 nale\u017cy zachowa\u0107 dla tego konkretnego adresu URL. Zazwyczaj sk\u0142ada si\u0119 z tokena &#8220;Set-Cookie&#8221;, po kt\u00f3rym nast\u0119puje lista (oddzielona przecinkami) r\u00f3\u017cnych plik\u00f3w cookie, kt\u00f3re maj\u0105 by\u0107 ustawione (na przyk\u0142ad &#8220;Set-Cookie: UserID=Mary30; Version=3; Max-Age=3600;).<\/p>\n<h3>Retry-After<\/h3>\n<p>Mo\u017ce by\u0107 u\u017cywany z odpowiedzi\u0105 503 (Us\u0142uga niedost\u0119pna), aby wskaza\u0107 czas, przez kt\u00f3ry us\u0142uga ma by\u0107 niedost\u0119pna dla \u017c\u0105daj\u0105cej przegl\u0105darki (na przyk\u0142ad &#8220;Retry-After: Mon, 15 Feb 2021 23:59:59 GMT&#8221;).<\/p>\n<h2>Jak sprawdzi\u0107, jakie nag\u0142\u00f3wki HTTP s\u0105 wysy\u0142ane przez konkretn\u0105 stron\u0119?<\/h2>\n<p>Istnieje wiele sposob\u00f3w, dzi\u0119ki kt\u00f3rym mo\u017cna sprawdzi\u0107 nag\u0142\u00f3wki odpowiedzi. Do najpopularniejszych z nich nale\u017c\u0105 narz\u0119dzia programistyczne do przegl\u0105darek internetowych lub te\u017c przeznaczone do tego celu serwisy internetowe.<\/p>\n<ol>\n<li>Poprzez narz\u0119dzia programistyczne przegl\u0105darki:\n<ol>\n<li style=\"list-style-type: lower-alpha;\">Wejd\u017a na stron\u0119 internetow\u0105 i kliknij prawym przyciskiem myszy, aby zobaczy\u0107 rozwijane menu<\/li>\n<li style=\"list-style-type: lower-alpha;\">Wybierz opcj\u0119 &#8220;Zbadaj&#8221;, kt\u00f3ra otworzy ekran rozwi\u0105zywania problem\u00f3w<\/li>\n<li style=\"list-style-type: lower-alpha;\">W tym oknie przejd\u017a do zak\u0142adki sie\u0107, w kt\u00f3rej widoczne s\u0105 wszystkie \u017c\u0105dania<\/li>\n<li style=\"list-style-type: lower-alpha;\">Po klikni\u0119ciu na konkretne \u017c\u0105danie, mo\u017cesz zobaczy\u0107 nag\u0142\u00f3wki odpowiedzi.<\/li>\n<\/ol>\n<\/li>\n<li>Poprzez serwisy internetowe &#8211; mo\u017cesz skorzysta\u0107 z wiarygodnego serwisu internetowego jak webconfs.com, dnschecker.org, lub podobnego.<\/li>\n<\/ol>\n<h2>Najprostszy spos\u00f3b na sprawdzenie nag\u0142\u00f3wk\u00f3w HTTP<\/h2>\n<p>Najprostsz\u0105 metod\u0105 sprawdzenia, jakie nag\u0142\u00f3wki HTTP s\u0105 wysy\u0142ane przez stron\u0119 internetow\u0105, jest u\u017cycie wtyczki do przegl\u0105darki lub darmowego narz\u0119dzia powy\u017cej.<\/p>\n","protected":false},"excerpt":{"rendered":"<p>Podaj adres URL strony internetowej i poczekaj kilka sekund, \u017ceby wy\u015bwietli\u0107 jej nag\u0142\u00f3wki HTTP. Mo\u017cesz r\u00f3wnie\u017c sprawdzi\u0107 nag\u0142\u00f3wki HTTP swojej przegl\u0105darki. Nag\u0142\u00f3wki odpowiedzi HTTP Protok\u00f3\u0142 HTTP (Hypertext Transfer Protocol) powsta\u0142 z my\u015bl\u0105 o wymianie informacji pomi\u0119dzy przegl\u0105darkami internetowymi a serwerami WWW w sieci. Kiedy u\u017cytkownik chce odwiedzi\u0107 dan\u0105 stron\u0119 internetow\u0105, wpisuje adres URL w przegl\u0105darce, [&hellip;]<\/p>\n","protected":false},"author":1,"featured_media":0,"parent":0,"menu_order":0,"comment_status":"closed","ping_status":"closed","template":"","meta":{"footnotes":""},"class_list":["post-3181","page","type-page","status-publish","hentry"],"yoast_head":"<!-- This site is optimized with the Yoast SEO plugin v27.4 - https:\/\/yoast.com\/product\/yoast-seo-wordpress\/ -->\n<title>Sprawd\u017a nag\u0142\u00f3wki HTTP i przekierowania strony internetowej<\/title>\n<meta name=\"description\" content=\"Podaj adres URL strony internetowej i poczekaj kilka sekund, \u017ceby wy\u015bwietli\u0107 jej nag\u0142\u00f3wki HTTP. Mo\u017cesz r\u00f3wnie\u017c sprawdzi\u0107 nag\u0142\u00f3wki HTTP swojej\" \/>\n<meta name=\"robots\" content=\"index, follow, max-snippet:-1, max-image-preview:large, max-video-preview:-1\" \/>\n<link rel=\"canonical\" href=\"https:\/\/www.supermonitoring.pl\/blogpl\/sprawdz-naglowki-http-przekierowania-strony\/\" \/>\n<meta property=\"og:locale\" content=\"pl_PL\" \/>\n<meta property=\"og:type\" content=\"article\" \/>\n<meta property=\"og:title\" content=\"Sprawd\u017a nag\u0142\u00f3wki HTTP i przekierowania strony internetowej\" \/>\n<meta property=\"og:description\" content=\"Podaj adres URL strony internetowej i poczekaj kilka sekund, \u017ceby wy\u015bwietli\u0107 jej nag\u0142\u00f3wki HTTP. Mo\u017cesz r\u00f3wnie\u017c sprawdzi\u0107 nag\u0142\u00f3wki HTTP swojej\" \/>\n<meta property=\"og:url\" content=\"https:\/\/www.supermonitoring.pl\/blogpl\/sprawdz-naglowki-http-przekierowania-strony\/\" \/>\n<meta property=\"og:site_name\" content=\"Blog Super Monitoring\" \/>\n<meta property=\"article:publisher\" content=\"https:\/\/www.facebook.com\/monitoring.stron\" \/>\n<meta property=\"article:modified_time\" content=\"2021-04-18T14:13:34+00:00\" \/>\n<meta property=\"og:image\" content=\"https:\/\/super-monitoring.com\/blogpl\/wp-content\/uploads\/2022\/03\/supermonitoringPL1200x628.png\" \/>\n\t<meta property=\"og:image:width\" content=\"1200\" \/>\n\t<meta property=\"og:image:height\" content=\"628\" \/>\n\t<meta property=\"og:image:type\" content=\"image\/png\" \/>\n<meta name=\"twitter:card\" content=\"summary_large_image\" \/>\n<meta name=\"twitter:site\" content=\"@MonitoringStron\" \/>\n<meta name=\"twitter:label1\" content=\"Szacowany czas czytania\" \/>\n\t<meta name=\"twitter:data1\" content=\"3 minuty\" \/>\n<script type=\"application\/ld+json\" class=\"yoast-schema-graph\">{\"@context\":\"https:\\\/\\\/schema.org\",\"@graph\":[{\"@type\":\"WebPage\",\"@id\":\"https:\\\/\\\/www.supermonitoring.pl\\\/blogpl\\\/sprawdz-naglowki-http-przekierowania-strony\\\/\",\"url\":\"https:\\\/\\\/www.supermonitoring.pl\\\/blogpl\\\/sprawdz-naglowki-http-przekierowania-strony\\\/\",\"name\":\"Sprawd\u017a nag\u0142\u00f3wki HTTP i przekierowania strony internetowej\",\"isPartOf\":{\"@id\":\"https:\\\/\\\/www.supermonitoring.pl\\\/blogpl\\\/#website\"},\"datePublished\":\"2017-04-28T15:50:53+00:00\",\"dateModified\":\"2021-04-18T14:13:34+00:00\",\"description\":\"Podaj adres URL strony internetowej i poczekaj kilka sekund, \u017ceby wy\u015bwietli\u0107 jej nag\u0142\u00f3wki HTTP. Mo\u017cesz r\u00f3wnie\u017c sprawdzi\u0107 nag\u0142\u00f3wki HTTP swojej\",\"breadcrumb\":{\"@id\":\"https:\\\/\\\/www.supermonitoring.pl\\\/blogpl\\\/sprawdz-naglowki-http-przekierowania-strony\\\/#breadcrumb\"},\"inLanguage\":\"pl-PL\",\"potentialAction\":[{\"@type\":\"ReadAction\",\"target\":[\"https:\\\/\\\/www.supermonitoring.pl\\\/blogpl\\\/sprawdz-naglowki-http-przekierowania-strony\\\/\"]}]},{\"@type\":\"BreadcrumbList\",\"@id\":\"https:\\\/\\\/www.supermonitoring.pl\\\/blogpl\\\/sprawdz-naglowki-http-przekierowania-strony\\\/#breadcrumb\",\"itemListElement\":[{\"@type\":\"ListItem\",\"position\":1,\"name\":\"Strona g\u0142\u00f3wna\",\"item\":\"https:\\\/\\\/www.supermonitoring.pl\\\/blogpl\\\/\"},{\"@type\":\"ListItem\",\"position\":2,\"name\":\"Sprawd\u017a nag\u0142\u00f3wki HTTP i przekierowania strony internetowej\"}]},{\"@type\":\"WebSite\",\"@id\":\"https:\\\/\\\/www.supermonitoring.pl\\\/blogpl\\\/#website\",\"url\":\"https:\\\/\\\/www.supermonitoring.pl\\\/blogpl\\\/\",\"name\":\"Blog Super Monitoring\",\"description\":\"Narz\u0119dzia i zasoby dla ludzi Internetu \ud83d\udee0\ufe0f\",\"publisher\":{\"@id\":\"https:\\\/\\\/www.supermonitoring.pl\\\/blogpl\\\/#organization\"},\"potentialAction\":[{\"@type\":\"SearchAction\",\"target\":{\"@type\":\"EntryPoint\",\"urlTemplate\":\"https:\\\/\\\/www.supermonitoring.pl\\\/blogpl\\\/?s={search_term_string}\"},\"query-input\":{\"@type\":\"PropertyValueSpecification\",\"valueRequired\":true,\"valueName\":\"search_term_string\"}}],\"inLanguage\":\"pl-PL\"},{\"@type\":\"Organization\",\"@id\":\"https:\\\/\\\/www.supermonitoring.pl\\\/blogpl\\\/#organization\",\"name\":\"Super Monitoring\",\"url\":\"https:\\\/\\\/www.supermonitoring.pl\\\/blogpl\\\/\",\"logo\":{\"@type\":\"ImageObject\",\"inLanguage\":\"pl-PL\",\"@id\":\"https:\\\/\\\/www.supermonitoring.pl\\\/blogpl\\\/#\\\/schema\\\/logo\\\/image\\\/\",\"url\":\"https:\\\/\\\/super-monitoring.com\\\/blogpl\\\/wp-content\\\/uploads\\\/2020\\\/11\\\/supermonitoring-pionPL_400.png\",\"contentUrl\":\"https:\\\/\\\/super-monitoring.com\\\/blogpl\\\/wp-content\\\/uploads\\\/2020\\\/11\\\/supermonitoring-pionPL_400.png\",\"width\":400,\"height\":400,\"caption\":\"Super Monitoring\"},\"image\":{\"@id\":\"https:\\\/\\\/www.supermonitoring.pl\\\/blogpl\\\/#\\\/schema\\\/logo\\\/image\\\/\"},\"sameAs\":[\"https:\\\/\\\/www.facebook.com\\\/monitoring.stron\",\"https:\\\/\\\/x.com\\\/MonitoringStron\",\"https:\\\/\\\/www.linkedin.com\\\/showcase\\\/super-monitoring\\\/\"]}]}<\/script>\n<!-- \/ Yoast SEO plugin. -->","yoast_head_json":{"title":"Sprawd\u017a nag\u0142\u00f3wki HTTP i przekierowania strony internetowej","description":"Podaj adres URL strony internetowej i poczekaj kilka sekund, \u017ceby wy\u015bwietli\u0107 jej nag\u0142\u00f3wki HTTP. Mo\u017cesz r\u00f3wnie\u017c sprawdzi\u0107 nag\u0142\u00f3wki HTTP swojej","robots":{"index":"index","follow":"follow","max-snippet":"max-snippet:-1","max-image-preview":"max-image-preview:large","max-video-preview":"max-video-preview:-1"},"canonical":"https:\/\/www.supermonitoring.pl\/blogpl\/sprawdz-naglowki-http-przekierowania-strony\/","og_locale":"pl_PL","og_type":"article","og_title":"Sprawd\u017a nag\u0142\u00f3wki HTTP i przekierowania strony internetowej","og_description":"Podaj adres URL strony internetowej i poczekaj kilka sekund, \u017ceby wy\u015bwietli\u0107 jej nag\u0142\u00f3wki HTTP. Mo\u017cesz r\u00f3wnie\u017c sprawdzi\u0107 nag\u0142\u00f3wki HTTP swojej","og_url":"https:\/\/www.supermonitoring.pl\/blogpl\/sprawdz-naglowki-http-przekierowania-strony\/","og_site_name":"Blog Super Monitoring","article_publisher":"https:\/\/www.facebook.com\/monitoring.stron","article_modified_time":"2021-04-18T14:13:34+00:00","og_image":[{"width":1200,"height":628,"url":"https:\/\/super-monitoring.com\/blogpl\/wp-content\/uploads\/2022\/03\/supermonitoringPL1200x628.png","type":"image\/png"}],"twitter_card":"summary_large_image","twitter_site":"@MonitoringStron","twitter_misc":{"Szacowany czas czytania":"3 minuty"},"schema":{"@context":"https:\/\/schema.org","@graph":[{"@type":"WebPage","@id":"https:\/\/www.supermonitoring.pl\/blogpl\/sprawdz-naglowki-http-przekierowania-strony\/","url":"https:\/\/www.supermonitoring.pl\/blogpl\/sprawdz-naglowki-http-przekierowania-strony\/","name":"Sprawd\u017a nag\u0142\u00f3wki HTTP i przekierowania strony internetowej","isPartOf":{"@id":"https:\/\/www.supermonitoring.pl\/blogpl\/#website"},"datePublished":"2017-04-28T15:50:53+00:00","dateModified":"2021-04-18T14:13:34+00:00","description":"Podaj adres URL strony internetowej i poczekaj kilka sekund, \u017ceby wy\u015bwietli\u0107 jej nag\u0142\u00f3wki HTTP. Mo\u017cesz r\u00f3wnie\u017c sprawdzi\u0107 nag\u0142\u00f3wki HTTP swojej","breadcrumb":{"@id":"https:\/\/www.supermonitoring.pl\/blogpl\/sprawdz-naglowki-http-przekierowania-strony\/#breadcrumb"},"inLanguage":"pl-PL","potentialAction":[{"@type":"ReadAction","target":["https:\/\/www.supermonitoring.pl\/blogpl\/sprawdz-naglowki-http-przekierowania-strony\/"]}]},{"@type":"BreadcrumbList","@id":"https:\/\/www.supermonitoring.pl\/blogpl\/sprawdz-naglowki-http-przekierowania-strony\/#breadcrumb","itemListElement":[{"@type":"ListItem","position":1,"name":"Strona g\u0142\u00f3wna","item":"https:\/\/www.supermonitoring.pl\/blogpl\/"},{"@type":"ListItem","position":2,"name":"Sprawd\u017a nag\u0142\u00f3wki HTTP i przekierowania strony internetowej"}]},{"@type":"WebSite","@id":"https:\/\/www.supermonitoring.pl\/blogpl\/#website","url":"https:\/\/www.supermonitoring.pl\/blogpl\/","name":"Blog Super Monitoring","description":"Narz\u0119dzia i zasoby dla ludzi Internetu \ud83d\udee0\ufe0f","publisher":{"@id":"https:\/\/www.supermonitoring.pl\/blogpl\/#organization"},"potentialAction":[{"@type":"SearchAction","target":{"@type":"EntryPoint","urlTemplate":"https:\/\/www.supermonitoring.pl\/blogpl\/?s={search_term_string}"},"query-input":{"@type":"PropertyValueSpecification","valueRequired":true,"valueName":"search_term_string"}}],"inLanguage":"pl-PL"},{"@type":"Organization","@id":"https:\/\/www.supermonitoring.pl\/blogpl\/#organization","name":"Super Monitoring","url":"https:\/\/www.supermonitoring.pl\/blogpl\/","logo":{"@type":"ImageObject","inLanguage":"pl-PL","@id":"https:\/\/www.supermonitoring.pl\/blogpl\/#\/schema\/logo\/image\/","url":"https:\/\/super-monitoring.com\/blogpl\/wp-content\/uploads\/2020\/11\/supermonitoring-pionPL_400.png","contentUrl":"https:\/\/super-monitoring.com\/blogpl\/wp-content\/uploads\/2020\/11\/supermonitoring-pionPL_400.png","width":400,"height":400,"caption":"Super Monitoring"},"image":{"@id":"https:\/\/www.supermonitoring.pl\/blogpl\/#\/schema\/logo\/image\/"},"sameAs":["https:\/\/www.facebook.com\/monitoring.stron","https:\/\/x.com\/MonitoringStron","https:\/\/www.linkedin.com\/showcase\/super-monitoring\/"]}]}},"_links":{"self":[{"href":"https:\/\/www.supermonitoring.pl\/blogpl\/wp-json\/wp\/v2\/pages\/3181","targetHints":{"allow":["GET"]}}],"collection":[{"href":"https:\/\/www.supermonitoring.pl\/blogpl\/wp-json\/wp\/v2\/pages"}],"about":[{"href":"https:\/\/www.supermonitoring.pl\/blogpl\/wp-json\/wp\/v2\/types\/page"}],"author":[{"embeddable":true,"href":"https:\/\/www.supermonitoring.pl\/blogpl\/wp-json\/wp\/v2\/users\/1"}],"replies":[{"embeddable":true,"href":"https:\/\/www.supermonitoring.pl\/blogpl\/wp-json\/wp\/v2\/comments?post=3181"}],"version-history":[{"count":8,"href":"https:\/\/www.supermonitoring.pl\/blogpl\/wp-json\/wp\/v2\/pages\/3181\/revisions"}],"predecessor-version":[{"id":5082,"href":"https:\/\/www.supermonitoring.pl\/blogpl\/wp-json\/wp\/v2\/pages\/3181\/revisions\/5082"}],"wp:attachment":[{"href":"https:\/\/www.supermonitoring.pl\/blogpl\/wp-json\/wp\/v2\/media?parent=3181"}],"curies":[{"name":"wp","href":"https:\/\/api.w.org\/{rel}","templated":true}]}}